{"id":8537,"date":"2023-02-25T12:50:51","date_gmt":"2023-02-25T11:50:51","guid":{"rendered":"https:\/\/contenedoresmaritimos-sur.es\/?page_id=8537"},"modified":"2023-04-18T16:45:02","modified_gmt":"2023-04-18T14:45:02","slug":"aviso-legal","status":"publish","type":"page","link":"https:\/\/contenedoresmaritimos-sur.es\/index.php\/aviso-legal\/","title":{"rendered":"Aviso Legal"},"content":{"rendered":"\t\t<div data-elementor-type=\"wp-page\" data-elementor-id=\"8537\" class=\"elementor elementor-8537\">\n\t\t\t\t\t\t<section class=\"elementor-section elementor-top-section elementor-element elementor-element-55561540 elementor-section-boxed elementor-section-height-default elementor-section-height-default wd-section-disabled\" data-id=\"55561540\" data-element_type=\"section\">\n\t\t\t\t\t\t<div class=\"elementor-container elementor-column-gap-default\">\n\t\t\t\t\t<div class=\"elementor-column elementor-col-100 elementor-top-column elementor-element elementor-element-6009e2cb\" data-id=\"6009e2cb\" data-element_type=\"column\">\n\t\t\t<div class=\"elementor-widget-wrap elementor-element-populated\">\n\t\t\t\t\t\t<div class=\"elementor-element elementor-element-1aa33f62 color-scheme-inherit text-left elementor-widget elementor-widget-text-editor\" data-id=\"1aa33f62\" data-element_type=\"widget\" data-widget_type=\"text-editor.default\">\n\t\t\t\t<div class=\"elementor-widget-container\">\n\t\t\t\t\t\t\t\t\t<p><\/p>\n<h4>Informaci\u00f3n legal<\/h4>\n<p>Denominaci\u00f3n social: Contenedores Mar\u00edtimos Del Sur SL<br \/>Sede: Arrabal Parque Log\u00edstico, 4, 46394 Valencia &#8211; Espa\u00f1a..<\/p>\n<p><\/p>\n<p>Contacto: +34 656 66 70 38<br \/>Correo electr\u00f3nico: contacto@contenedoresmaritimos-sur.es<\/p>\n<p><\/p>\n<p>Sitio web: www.contenedoresmaritimos-sur.es<\/p>\n<p><\/p>\n<p>Anfitri\u00f3n del sitio web:<br \/>Hostinger, UAB<br \/>jonavos g. 60C, 44192<\/p>\n<p><\/p>\n<h3>Propiedad intelectual<\/h3>\n<p>Todos los elementos del sitio www.contenedoresmaritimos-sur.es ya sean visuales o sonoros, incluida la tecnolog\u00eda subyacente, est\u00e1n protegidos por derechos de autor, marcas registradas o patentes. El usuario es el \u00fanico responsable del uso de la informaci\u00f3n accesible a trav\u00e9s de este sitio. El Webmaster del sitio www.contenedoresmaritimos-sur.es se reserva el derecho de modificar las presentes condiciones en cualquier momento, en particular mediante la actualizaci\u00f3n de este sitio.<br \/>Son de nuestra propiedad exclusiva. Salvo disposici\u00f3n expresa, est\u00e1 prohibido reproducir, modificar, transmitir, publicar, adaptar, en cualquier soporte o explotar de cualquier forma, todo o parte del sitio sin autorizaci\u00f3n previa y por escrito.<\/p>\n<p><\/p>\n<p>Queda terminantemente prohibido crear cualquier enlace de hipertexto al sitio www.contenedoresmaritimos-sur.es y utilizar la t\u00e9cnica de deep linking (\u201cdeep linking o framing\u201d), es decir que las p\u00e1ginas del sitio no deben anidarse dentro de las p\u00e1ginas de otro sitio, pero accesible abriendo una ventana.<\/p>\n<p><\/p>\n<p>La informaci\u00f3n sobre la recopilaci\u00f3n y el procesamiento de datos personales (pol\u00edtica y declaraci\u00f3n) se proporciona en la carta de datos personales del sitio.<\/p>\n<p><\/p>\n<p>Actualizado con Todos los derechos reservados \u2013 30 de diciembre de 2021<\/p>\n<p><\/p>\t\t\t\t\t\t\t\t<\/div>\n\t\t\t\t<\/div>\n\t\t\t\t\t<\/div>\n\t\t<\/div>\n\t\t\t\t\t<\/div>\n\t\t<\/section>\n\t\t\t\t<\/div>\n\t\t","protected":false},"excerpt":{"rendered":"<p>Informaci\u00f3n legal Denominaci\u00f3n social: Contenedores Mar\u00edtimos Del Sur SLSede: Arrabal Parque Log\u00edstico, 4, 46394 Valencia &#8211; Espa\u00f1a.. Contacto: +34 656<\/p>\n","protected":false},"author":1,"featured_media":0,"parent":0,"menu_order":0,"comment_status":"closed","ping_status":"closed","template":"","meta":{"footnotes":""},"class_list":["post-8537","page","type-page","status-publish","hentry"],"_links":{"self":[{"href":"https:\/\/contenedoresmaritimos-sur.es\/index.php\/wp-json\/wp\/v2\/pages\/8537","targetHints":{"allow":["GET"]}}],"collection":[{"href":"https:\/\/contenedoresmaritimos-sur.es\/index.php\/wp-json\/wp\/v2\/pages"}],"about":[{"href":"https:\/\/contenedoresmaritimos-sur.es\/index.php\/wp-json\/wp\/v2\/types\/page"}],"author":[{"embeddable":true,"href":"https:\/\/contenedoresmaritimos-sur.es\/index.php\/wp-json\/wp\/v2\/users\/1"}],"replies":[{"embeddable":true,"href":"https:\/\/contenedoresmaritimos-sur.es\/index.php\/wp-json\/wp\/v2\/comments?post=8537"}],"version-history":[{"count":8,"href":"https:\/\/contenedoresmaritimos-sur.es\/index.php\/wp-json\/wp\/v2\/pages\/8537\/revisions"}],"predecessor-version":[{"id":8697,"href":"https:\/\/contenedoresmaritimos-sur.es\/index.php\/wp-json\/wp\/v2\/pages\/8537\/revisions\/8697"}],"wp:attachment":[{"href":"https:\/\/contenedoresmaritimos-sur.es\/index.php\/wp-json\/wp\/v2\/media?parent=8537"}],"curies":[{"name":"wp","href":"https:\/\/api.w.org\/{rel}","templated":true}]}}