{"id":8543,"date":"2023-02-25T12:56:38","date_gmt":"2023-02-25T11:56:38","guid":{"rendered":"https:\/\/contenedoresmaritimos-sur.es\/?page_id=8543"},"modified":"2023-02-25T13:02:48","modified_gmt":"2023-02-25T12:02:48","slug":"entrega","status":"publish","type":"page","link":"https:\/\/contenedoresmaritimos-sur.es\/index.php\/entrega\/","title":{"rendered":"Entrega"},"content":{"rendered":"\t\t<div data-elementor-type=\"wp-page\" data-elementor-id=\"8543\" class=\"elementor elementor-8543\">\n\t\t\t\t\t\t<section class=\"elementor-section elementor-top-section elementor-element elementor-element-4f9c2ab6 elementor-section-boxed elementor-section-height-default elementor-section-height-default wd-section-disabled\" data-id=\"4f9c2ab6\" data-element_type=\"section\">\n\t\t\t\t\t\t<div class=\"elementor-container elementor-column-gap-default\">\n\t\t\t\t\t<div class=\"elementor-column elementor-col-100 elementor-top-column elementor-element elementor-element-467e93a0\" data-id=\"467e93a0\" data-element_type=\"column\">\n\t\t\t<div class=\"elementor-widget-wrap elementor-element-populated\">\n\t\t\t\t\t\t<div class=\"elementor-element elementor-element-557d63a3 color-scheme-inherit text-left elementor-widget elementor-widget-text-editor\" data-id=\"557d63a3\" data-element_type=\"widget\" data-widget_type=\"text-editor.default\">\n\t\t\t\t<div class=\"elementor-widget-container\">\n\t\t\t\t\t\t\t\t\t\n<p>Env\u00edo de su pedido de pellets o le\u00f1a<\/p>\n\n<h5>1- Tiempo de env\u00edo<\/h5>\n\n<p>Los pedidos se env\u00edan normalmente en un plazo de 7-15 d\u00edas en Espa\u00f1a tras la recepci\u00f3n del pago. Se env\u00edan por mensajer\u00eda. Los pedidos tambi\u00e9n pueden ser entregados por nuestros propios camiones.<\/p>\n\n<p>En cualquier caso, te llamamos para definir contigo una ventana de entrega; normalmente media jornada o jornada completa.<\/p>\n\n<p>Todas nuestras entregas se realizan mediante cami\u00f3n equipado.<\/p>\n\n<p>Las entregas se realizan de lunes a viernes.<\/p>\n\n<h5>2- Precio de entrega:<\/h5>\n\n<p>Los precios de env\u00edo son 350\u20ac. Los precios de los pedidos est\u00e1n garantizados para la entrega en un plazo m\u00e1ximo de 20 d\u00edas. Todos los pedidos se benefician de la entrega.<\/p>\n\n<h5>3- Bienes entregados<\/h5>\n\n<p>La mercanc\u00eda se entrega en su domicilio y\/o en cualquier lugar de entrega definido por el comprador, salvo que el comprador opte por la recogida de la mercanc\u00eda en el lugar.<\/p>\n\n<p>En el caso de una entrega de emergencia, comun\u00edquese con la empresa despu\u00e9s de su pedido.<\/p>\n\n<h5>4- Validaci\u00f3n de entrega<\/h5>\n\n<p>Una vez recibido el pedido, en breve tiempo se contactar\u00e1 telef\u00f3nicamente con el cliente para fijar un horario de entrega, validar su presencia y la informaci\u00f3n facilitada posteriormente.<\/p>\n\n<h5>5- Recepci\u00f3n de mercanc\u00edas<\/h5>\n\n<p>A la recepci\u00f3n de la mercanc\u00eda en el lugar de entrega, es responsabilidad del cliente comprobar la conformidad de la mercanc\u00eda entregada con el pedido, y realizar, en su caso, eventuales observaciones por escrito al repartidor.<\/p>\n\n<p>No se realizar\u00e1 ninguna descarga de mercanc\u00edas sin la presencia del cliente o de una persona f\u00edsica recomendada por \u00e9ste.<br \/>Solo se tendr\u00e1n en cuenta las reclamaciones registradas por escrito en el momento de la entrega.<br \/>Ninguna otra queja ser\u00e1 tenida en cuenta posteriormente.<\/p>\n\n<h5>6- Retiro de mercanc\u00edas en el sitio<\/h5>\n\n<p>La empresa <strong>Contenedores Mar\u00edtimos Del Sur SL<\/strong> pone a disposici\u00f3n del cliente, en la sede de la empresa o en sus centros anexos, los pedidos comprados y pagados por palet, a los que presta \u00abvigilancia\u00bb.<\/p>\n\n<h5>7- Garant\u00edas de devoluci\u00f3n y responsabilidad<\/h5>\n\n<p>De conformidad con las disposiciones legales, la empresa se compromete a entregar cualquier producto comprado en l\u00ednea en la fecha indicada en su oferta comercial.<br \/>A falta de indicaci\u00f3n de una fecha de entrega, la empresa se compromete a entregar a m\u00e1s tardar dentro de los 20 d\u00edas siguientes al registro y pago del pedido.<\/p>\n\t\t\t\t\t\t\t\t<\/div>\n\t\t\t\t<\/div>\n\t\t\t\t\t<\/div>\n\t\t<\/div>\n\t\t\t\t\t<\/div>\n\t\t<\/section>\n\t\t\t\t<\/div>\n\t\t","protected":false},"excerpt":{"rendered":"<p>Env\u00edo de su pedido de pellets o le\u00f1a 1- Tiempo de env\u00edo Los pedidos se env\u00edan normalmente en un plazo<\/p>\n","protected":false},"author":1,"featured_media":0,"parent":0,"menu_order":0,"comment_status":"closed","ping_status":"closed","template":"","meta":{"footnotes":""},"class_list":["post-8543","page","type-page","status-publish","hentry"],"_links":{"self":[{"href":"https:\/\/contenedoresmaritimos-sur.es\/index.php\/wp-json\/wp\/v2\/pages\/8543","targetHints":{"allow":["GET"]}}],"collection":[{"href":"https:\/\/contenedoresmaritimos-sur.es\/index.php\/wp-json\/wp\/v2\/pages"}],"about":[{"href":"https:\/\/contenedoresmaritimos-sur.es\/index.php\/wp-json\/wp\/v2\/types\/page"}],"author":[{"embeddable":true,"href":"https:\/\/contenedoresmaritimos-sur.es\/index.php\/wp-json\/wp\/v2\/users\/1"}],"replies":[{"embeddable":true,"href":"https:\/\/contenedoresmaritimos-sur.es\/index.php\/wp-json\/wp\/v2\/comments?post=8543"}],"version-history":[{"count":5,"href":"https:\/\/contenedoresmaritimos-sur.es\/index.php\/wp-json\/wp\/v2\/pages\/8543\/revisions"}],"predecessor-version":[{"id":8548,"href":"https:\/\/contenedoresmaritimos-sur.es\/index.php\/wp-json\/wp\/v2\/pages\/8543\/revisions\/8548"}],"wp:attachment":[{"href":"https:\/\/contenedoresmaritimos-sur.es\/index.php\/wp-json\/wp\/v2\/media?parent=8543"}],"curies":[{"name":"wp","href":"https:\/\/api.w.org\/{rel}","templated":true}]}}