{"id":8549,"date":"2023-02-25T13:01:11","date_gmt":"2023-02-25T12:01:11","guid":{"rendered":"https:\/\/contenedoresmaritimos-sur.es\/?page_id=8549"},"modified":"2023-02-25T13:02:18","modified_gmt":"2023-02-25T12:02:18","slug":"pago-securo","status":"publish","type":"page","link":"https:\/\/contenedoresmaritimos-sur.es\/index.php\/pago-securo\/","title":{"rendered":"Pago Securo"},"content":{"rendered":"\t\t<div data-elementor-type=\"wp-page\" data-elementor-id=\"8549\" class=\"elementor elementor-8549\">\n\t\t\t\t\t\t<section class=\"elementor-section elementor-top-section elementor-element elementor-element-382685d3 elementor-section-boxed elementor-section-height-default elementor-section-height-default wd-section-disabled\" data-id=\"382685d3\" data-element_type=\"section\">\n\t\t\t\t\t\t<div class=\"elementor-container elementor-column-gap-default\">\n\t\t\t\t\t<div class=\"elementor-column elementor-col-100 elementor-top-column elementor-element elementor-element-43201e5a\" data-id=\"43201e5a\" data-element_type=\"column\">\n\t\t\t<div class=\"elementor-widget-wrap elementor-element-populated\">\n\t\t\t\t\t\t<div class=\"elementor-element elementor-element-2001a9ed color-scheme-inherit text-left elementor-widget elementor-widget-text-editor\" data-id=\"2001a9ed\" data-element_type=\"widget\" data-widget_type=\"text-editor.default\">\n\t\t\t\t<div class=\"elementor-widget-container\">\n\t\t\t\t\t\t\t\t\t\n<p>Nuestro pago seguro<\/p>\n\n<p>Con SSL<\/p>\n\n<p><strong>Pago por transferencia bancaria<\/strong><\/p>\n\n<p>Muchos de vosotros nos hab\u00e9is hablado de vuestra reticencia a pagar con tarjeta de cr\u00e9dito por internet. Es por ello que hemos configurado el pago mediante transferencia bancaria.<\/p>\n\n<p>Al utilizar el m\u00e9todo de pago por transferencia bancaria, est\u00e1s doblemente protegido:<\/p>\n\n<p>1\/ Ya no tienes que usar tu tarjeta bancaria. La transacci\u00f3n se realizar\u00e1 directamente entre su banco y el nuestro.<\/p>\n\n<p>2\/ Con el pago por transferencia bancaria, podemos reembolsarle tan f\u00e1cilmente como con el pago con tarjeta de cr\u00e9dito en caso de problema.<\/p>\n\n<p>Finalmente, es tan r\u00e1pido como pagar con tarjeta de cr\u00e9dito. Recibir\u00e1s tu producto inmediatamente.<\/p>\n\n<p>\u00bfC\u00f3mo pagar por transferencia bancaria?<\/p>\n\n<p>Todo lo que tiene que hacer, al validar su cesta, es elegir el m\u00e9todo de pago mediante transferencia bancaria. Despu\u00e9s de la validaci\u00f3n de su pedido, recibir\u00e1 la informaci\u00f3n de la cuenta bancaria en la que deber\u00e1 proceder al pago de su pedido.<\/p>\n\n<p>Para facilitar el procesamiento, mencionar\u00e1 el n\u00famero de orden en su orden de transferencia.<\/p>\n\n<p>El pedido quedar\u00e1 definitivamente validado a la recepci\u00f3n de la transferencia. A continuaci\u00f3n, recibir\u00e1 un correo electr\u00f3nico de confirmaci\u00f3n.<\/p>\n\n<p><strong>Anotar<\/strong><\/p>\n\n<p>Los productos solicitados se reservan por un per\u00edodo de 03 d\u00edas. Pasado este plazo, y sin haber recibido el pago, los productos ser\u00e1n autom\u00e1ticamente devueltos a stock y el pedido cancelado.<\/p>\n\t\t\t\t\t\t\t\t<\/div>\n\t\t\t\t<\/div>\n\t\t\t\t\t<\/div>\n\t\t<\/div>\n\t\t\t\t\t<\/div>\n\t\t<\/section>\n\t\t\t\t<\/div>\n\t\t","protected":false},"excerpt":{"rendered":"<p>Nuestro pago seguro Con SSL Pago por transferencia bancaria Muchos de vosotros nos hab\u00e9is hablado de vuestra reticencia a pagar<\/p>\n","protected":false},"author":1,"featured_media":0,"parent":0,"menu_order":0,"comment_status":"closed","ping_status":"closed","template":"","meta":{"footnotes":""},"class_list":["post-8549","page","type-page","status-publish","hentry"],"_links":{"self":[{"href":"https:\/\/contenedoresmaritimos-sur.es\/index.php\/wp-json\/wp\/v2\/pages\/8549","targetHints":{"allow":["GET"]}}],"collection":[{"href":"https:\/\/contenedoresmaritimos-sur.es\/index.php\/wp-json\/wp\/v2\/pages"}],"about":[{"href":"https:\/\/contenedoresmaritimos-sur.es\/index.php\/wp-json\/wp\/v2\/types\/page"}],"author":[{"embeddable":true,"href":"https:\/\/contenedoresmaritimos-sur.es\/index.php\/wp-json\/wp\/v2\/users\/1"}],"replies":[{"embeddable":true,"href":"https:\/\/contenedoresmaritimos-sur.es\/index.php\/wp-json\/wp\/v2\/comments?post=8549"}],"version-history":[{"count":5,"href":"https:\/\/contenedoresmaritimos-sur.es\/index.php\/wp-json\/wp\/v2\/pages\/8549\/revisions"}],"predecessor-version":[{"id":8554,"href":"https:\/\/contenedoresmaritimos-sur.es\/index.php\/wp-json\/wp\/v2\/pages\/8549\/revisions\/8554"}],"wp:attachment":[{"href":"https:\/\/contenedoresmaritimos-sur.es\/index.php\/wp-json\/wp\/v2\/media?parent=8549"}],"curies":[{"name":"wp","href":"https:\/\/api.w.org\/{rel}","templated":true}]}}