{"id":8555,"date":"2023-02-25T13:04:30","date_gmt":"2023-02-25T12:04:30","guid":{"rendered":"https:\/\/contenedoresmaritimos-sur.es\/?page_id=8555"},"modified":"2023-02-25T13:07:17","modified_gmt":"2023-02-25T12:07:17","slug":"politica-de-cookies-ue","status":"publish","type":"page","link":"https:\/\/contenedoresmaritimos-sur.es\/index.php\/politica-de-cookies-ue\/","title":{"rendered":"Pol\u00edtica de cookies (UE)"},"content":{"rendered":"\t\t<div data-elementor-type=\"wp-page\" data-elementor-id=\"8555\" class=\"elementor elementor-8555\">\n\t\t\t\t\t\t<section class=\"elementor-section elementor-top-section elementor-element elementor-element-45f6d454 elementor-section-boxed elementor-section-height-default elementor-section-height-default wd-section-disabled\" data-id=\"45f6d454\" data-element_type=\"section\">\n\t\t\t\t\t\t<div class=\"elementor-container elementor-column-gap-default\">\n\t\t\t\t\t<div class=\"elementor-column elementor-col-100 elementor-top-column elementor-element elementor-element-642b4d7c\" data-id=\"642b4d7c\" data-element_type=\"column\">\n\t\t\t<div class=\"elementor-widget-wrap elementor-element-populated\">\n\t\t\t\t\t\t<div class=\"elementor-element elementor-element-1f4911bc color-scheme-inherit text-left elementor-widget elementor-widget-text-editor\" data-id=\"1f4911bc\" data-element_type=\"widget\" data-widget_type=\"text-editor.default\">\n\t\t\t\t<div class=\"elementor-widget-container\">\n\t\t\t\t\t\t\t\t\t\n<p>Utilizamos cookies y herramientas similares (denominadas colectivamente \u00abcookies\u00bb) para los fines que se describen a continuaci\u00f3n.<\/p>\n\n<p>Cookies operativas: Utilizamos cookies para prestar nuestros servicios, por ejemplo:<\/p>\n\n<p>Identif\u00edquese cuando inicie sesi\u00f3n para utilizar nuestros servicios.<br \/>Reconocerlo como miembro Prime y brindarle otras funciones y servicios personalizados.<br \/>Mostrar caracter\u00edsticas, productos y servicios que puedan ser de su inter\u00e9s y contener anuncios de nuestros servicios cuando se relacionen con productos y servicios disponibles con descuento.<br \/>Lleve un registro de los art\u00edculos almacenados en su carrito.<br \/>Evite la actividad fraudulenta.<\/p>\n\n<h5>Mejorar la seguridad.<\/h5>\n<p>Lleve un registro de sus preferencias, como la moneda y el idioma.<br \/>Tambi\u00e9n usamos cookies para entender c\u00f3mo los clientes usan nuestros servicios para que podamos hacer mejoras. Por ejemplo, usamos cookies para encontrar y diagnosticar contenido, productos y servicios con descuento y para medir y comprender el rendimiento de nuestros servicios.<\/p>\n\n<p>Cookies publicitarias: tambi\u00e9n usamos cookies para presentar ciertos tipos de publicidad, incluso para productos y servicios que no est\u00e1n disponibles para comprar con descuento y para ciertos anuncios relevantes para sus intereses.<\/p>\n\n<p>Los terceros autorizados tambi\u00e9n pueden establecer cookies cuando utiliza los servicios de descuento de compras. Estos terceros incluyen motores de b\u00fasqueda, proveedores de servicios de medici\u00f3n y an\u00e1lisis, redes sociales y empresas de publicidad. Los terceros utilizan cookies para ofrecer contenido, incluida la publicidad, que coincida con sus intereses, para medir la eficacia de su publicidad y para prestar servicios en nombre de Relojeria Lacoruna.<\/p>\n\n<p>Para obtener m\u00e1s informaci\u00f3n sobre c\u00f3mo el descuento de compra incluye publicidad basada en intereses, consulte el Aviso de publicidad basada en intereses. Para cambiar sus preferencias de publicidad basadas en intereses, vaya a la p\u00e1gina de Preferencias de publicidad. En nuestra p\u00e1gina de configuraci\u00f3n de cookies, puede ver qu\u00e9 terceros aprobados usan cookies y administrar su uso.<\/p>\n\n<h5>M\u00e1s informaci\u00f3n<\/h5>\n\n<p>5 a\u00f1os. Otras cookies permanecen en su navegador durante 13 meses despu\u00e9s de que nos haya dado su consentimiento para usarlas.<\/p>\n\n<p>Puede administrar las cookies visitando nuestra p\u00e1gina de configuraci\u00f3n de cookies. Como parte del servicio de descuento de compras, aplicaremos su configuraci\u00f3n de cookies al navegador en el que haya hecho su elecci\u00f3n, as\u00ed como a cualquier otro navegador en el que haya iniciado sesi\u00f3n. Si no ha iniciado sesi\u00f3n, es posible que tengamos que volver a solicitarle su selecci\u00f3n.<\/p>\n\n<p>Tambi\u00e9n puede averiguar en la configuraci\u00f3n de su navegador c\u00f3mo puede evitar que su navegador acepte nuevas cookies, c\u00f3mo recibe un mensaje cuando recibe una nueva cookie, c\u00f3mo deshabilita y elimina las cookies y cu\u00e1ndo caducan sus cookies.<\/p>\n\n<p>Las cookies operativas le permiten beneficiarse de ciertas caracter\u00edsticas esenciales del descuento de compra. Si bloquea o rechaza las cookies operativas en la configuraci\u00f3n de su navegador, es posible que algunas funciones y servicios no funcionen. Por ejemplo, no puede agregar art\u00edculos a su carrito, realizar un pedido o utilizar servicios de descuento para los cuales debe iniciar sesi\u00f3n en su cuenta. Es posible que deba ajustar manualmente su configuraci\u00f3n cada vez que visite uno de nuestros Servicios.<\/p>\n\t\t\t\t\t\t\t\t<\/div>\n\t\t\t\t<\/div>\n\t\t\t\t\t<\/div>\n\t\t<\/div>\n\t\t\t\t\t<\/div>\n\t\t<\/section>\n\t\t\t\t<\/div>\n\t\t","protected":false},"excerpt":{"rendered":"<p>Utilizamos cookies y herramientas similares (denominadas colectivamente \u00abcookies\u00bb) para los fines que se describen a continuaci\u00f3n. Cookies operativas: Utilizamos cookies<\/p>\n","protected":false},"author":1,"featured_media":0,"parent":0,"menu_order":0,"comment_status":"closed","ping_status":"closed","template":"","meta":{"footnotes":""},"class_list":["post-8555","page","type-page","status-publish","hentry"],"_links":{"self":[{"href":"https:\/\/contenedoresmaritimos-sur.es\/index.php\/wp-json\/wp\/v2\/pages\/8555","targetHints":{"allow":["GET"]}}],"collection":[{"href":"https:\/\/contenedoresmaritimos-sur.es\/index.php\/wp-json\/wp\/v2\/pages"}],"about":[{"href":"https:\/\/contenedoresmaritimos-sur.es\/index.php\/wp-json\/wp\/v2\/types\/page"}],"author":[{"embeddable":true,"href":"https:\/\/contenedoresmaritimos-sur.es\/index.php\/wp-json\/wp\/v2\/users\/1"}],"replies":[{"embeddable":true,"href":"https:\/\/contenedoresmaritimos-sur.es\/index.php\/wp-json\/wp\/v2\/comments?post=8555"}],"version-history":[{"count":5,"href":"https:\/\/contenedoresmaritimos-sur.es\/index.php\/wp-json\/wp\/v2\/pages\/8555\/revisions"}],"predecessor-version":[{"id":8560,"href":"https:\/\/contenedoresmaritimos-sur.es\/index.php\/wp-json\/wp\/v2\/pages\/8555\/revisions\/8560"}],"wp:attachment":[{"href":"https:\/\/contenedoresmaritimos-sur.es\/index.php\/wp-json\/wp\/v2\/media?parent=8555"}],"curies":[{"name":"wp","href":"https:\/\/api.w.org\/{rel}","templated":true}]}}