{"id":8565,"date":"2023-02-25T13:23:20","date_gmt":"2023-02-25T12:23:20","guid":{"rendered":"https:\/\/contenedoresmaritimos-sur.es\/?page_id=8565"},"modified":"2023-02-25T13:24:13","modified_gmt":"2023-02-25T12:24:13","slug":"condiciones-generales-de-devolucion","status":"publish","type":"page","link":"https:\/\/contenedoresmaritimos-sur.es\/index.php\/condiciones-generales-de-devolucion\/","title":{"rendered":"Condiciones Generales De Devoluci\u00f3n"},"content":{"rendered":"\t\t<div data-elementor-type=\"wp-page\" data-elementor-id=\"8565\" class=\"elementor elementor-8565\">\n\t\t\t\t\t\t<section class=\"elementor-section elementor-top-section elementor-element elementor-element-51e12163 elementor-section-boxed elementor-section-height-default elementor-section-height-default wd-section-disabled\" data-id=\"51e12163\" data-element_type=\"section\">\n\t\t\t\t\t\t<div class=\"elementor-container elementor-column-gap-default\">\n\t\t\t\t\t<div class=\"elementor-column elementor-col-100 elementor-top-column elementor-element elementor-element-3fbf1a1\" data-id=\"3fbf1a1\" data-element_type=\"column\">\n\t\t\t<div class=\"elementor-widget-wrap elementor-element-populated\">\n\t\t\t\t\t\t<div class=\"elementor-element elementor-element-56f11cd9 color-scheme-inherit text-left elementor-widget elementor-widget-text-editor\" data-id=\"56f11cd9\" data-element_type=\"widget\" data-widget_type=\"text-editor.default\">\n\t\t\t\t<div class=\"elementor-widget-container\">\n\t\t\t\t\t\t\t\t\t\n<p>Mercanc\u00eda defectuosa. \u00bfQue hacer?<\/p>\n\n<p>Una vez recibido el pedido, el cliente est\u00e1 obligado a comprobar su entrega.<\/p>\n\n<p>1 \u2013 Si la mercanc\u00eda es defectuosa, el cliente deber\u00e1 rechazar los bultos defectuosos.<\/p>\n\n<p>2 \u2013 Si el cliente tiene alguna duda: embalaje defectuoso, paquete aplastado o abierto, el cliente deber\u00e1 anotar reservas espec\u00edficas en el albar\u00e1n de entrega y solicitar la firma del transportista. Es imperativo anotar la fecha y el motivo de las reservas, ejemplos: \u201cpaquete da\u00f1ado, tal producto da\u00f1ado\u201d, \u201cpaquete abierto, tal producto faltante\u201d, \u201ccart\u00f3n aplastado, tal producto da\u00f1ado\u201d. En caso de reserva, debe enviar una carta certificada al transportista dentro de las 72 horas. Pasado este plazo, no se admitir\u00e1 reclamaci\u00f3n alguna.<\/p>\n\n<h5>Condiciones de devoluci\u00f3n \u2013 Derecho de desistimiento<\/h5>\n\n<p>Seg\u00fan la ley, dispones de un plazo de 14 d\u00edas desde la recepci\u00f3n de tu pedido para comunicarnos tu intenci\u00f3n de devolver uno o varios art\u00edculos. Para ello, puede enviarnos, por correo, una solicitud de desistimiento. A continuaci\u00f3n, tendr\u00e1 14 d\u00edas para enviarnos su paquete en su embalaje original, siendo los gastos de devoluci\u00f3n gratuitos. Se le reembolsar\u00e1n todas las sumas que haya pagado, incluidos los gastos de env\u00edo (sujeto al buen estado de la mercanc\u00eda).<\/p>\n\n<h5>Garant\u00edas<\/h5>\n\n<p>La garant\u00eda de todos nuestros art\u00edculos es garant\u00eda de fabricante o importador. Se limita a la sustituci\u00f3n de la pieza o art\u00edculo defectuoso. El cambio o reemplazo no modifica la fecha de garant\u00eda inicial. La garant\u00eda no se garantiza cuando no se respetan las condiciones de almacenamiento, instalaci\u00f3n, uso y mantenimiento normal. En todos los casos, consulte las instrucciones de uso.<\/p>\n\t\t\t\t\t\t\t\t<\/div>\n\t\t\t\t<\/div>\n\t\t\t\t\t<\/div>\n\t\t<\/div>\n\t\t\t\t\t<\/div>\n\t\t<\/section>\n\t\t\t\t<\/div>\n\t\t","protected":false},"excerpt":{"rendered":"<p>Mercanc\u00eda defectuosa. \u00bfQue hacer? Una vez recibido el pedido, el cliente est\u00e1 obligado a comprobar su entrega. 1 \u2013 Si<\/p>\n","protected":false},"author":1,"featured_media":0,"parent":0,"menu_order":0,"comment_status":"closed","ping_status":"closed","template":"","meta":{"footnotes":""},"class_list":["post-8565","page","type-page","status-publish","hentry"],"_links":{"self":[{"href":"https:\/\/contenedoresmaritimos-sur.es\/index.php\/wp-json\/wp\/v2\/pages\/8565","targetHints":{"allow":["GET"]}}],"collection":[{"href":"https:\/\/contenedoresmaritimos-sur.es\/index.php\/wp-json\/wp\/v2\/pages"}],"about":[{"href":"https:\/\/contenedoresmaritimos-sur.es\/index.php\/wp-json\/wp\/v2\/types\/page"}],"author":[{"embeddable":true,"href":"https:\/\/contenedoresmaritimos-sur.es\/index.php\/wp-json\/wp\/v2\/users\/1"}],"replies":[{"embeddable":true,"href":"https:\/\/contenedoresmaritimos-sur.es\/index.php\/wp-json\/wp\/v2\/comments?post=8565"}],"version-history":[{"count":5,"href":"https:\/\/contenedoresmaritimos-sur.es\/index.php\/wp-json\/wp\/v2\/pages\/8565\/revisions"}],"predecessor-version":[{"id":8570,"href":"https:\/\/contenedoresmaritimos-sur.es\/index.php\/wp-json\/wp\/v2\/pages\/8565\/revisions\/8570"}],"wp:attachment":[{"href":"https:\/\/contenedoresmaritimos-sur.es\/index.php\/wp-json\/wp\/v2\/media?parent=8565"}],"curies":[{"name":"wp","href":"https:\/\/api.w.org\/{rel}","templated":true}]}}