{"id":8572,"date":"2023-02-25T13:29:24","date_gmt":"2023-02-25T12:29:24","guid":{"rendered":"https:\/\/contenedoresmaritimos-sur.es\/?page_id=8572"},"modified":"2023-04-18T16:46:01","modified_gmt":"2023-04-18T14:46:01","slug":"devolucion-y-reembolso","status":"publish","type":"page","link":"https:\/\/contenedoresmaritimos-sur.es\/index.php\/devolucion-y-reembolso\/","title":{"rendered":"Devoluci\u00f3n y Reembolso"},"content":{"rendered":"\t\t<div data-elementor-type=\"wp-page\" data-elementor-id=\"8572\" class=\"elementor elementor-8572\">\n\t\t\t\t\t\t<section class=\"elementor-section elementor-top-section elementor-element elementor-element-9a7361 elementor-section-boxed elementor-section-height-default elementor-section-height-default wd-section-disabled\" data-id=\"9a7361\" data-element_type=\"section\">\n\t\t\t\t\t\t<div class=\"elementor-container elementor-column-gap-default\">\n\t\t\t\t\t<div class=\"elementor-column elementor-col-100 elementor-top-column elementor-element elementor-element-5f29d73\" data-id=\"5f29d73\" data-element_type=\"column\">\n\t\t\t<div class=\"elementor-widget-wrap elementor-element-populated\">\n\t\t\t\t\t\t<div class=\"elementor-element elementor-element-2ecd5e0e color-scheme-inherit text-left elementor-widget elementor-widget-text-editor\" data-id=\"2ecd5e0e\" data-element_type=\"widget\" data-widget_type=\"text-editor.default\">\n\t\t\t\t<div class=\"elementor-widget-container\">\n\t\t\t\t\t\t\t\t\t\n<p>Las devoluciones aceptadas por el comerciante son solo para art\u00edculos defectuosos. No aceptamos devoluciones o cambios a menos que el art\u00edculo que compraste est\u00e9 defectuoso. Si recibe un art\u00edculo defectuoso, comun\u00edquese con nosotros al n\u00famero de tel\u00e9fono o direcci\u00f3n de correo electr\u00f3nico a continuaci\u00f3n y proporcione detalles del producto y el defecto.<br \/>A continuaci\u00f3n, le indicaremos c\u00f3mo devolver el producto. Usted ser\u00e1 responsable de los costos de env\u00edo asociados con la devoluci\u00f3n de su art\u00edculo. No somos responsable por p\u00e9rdidas o da\u00f1os en tr\u00e1nsito. Tambi\u00e9n debe, para todas las devoluciones, pagar por adelantado el costo del env\u00edo y el seguro (si corresponde).<br \/>Si su devoluci\u00f3n es elegible para un reembolso, el reembolso no incluir\u00e1 ning\u00fan cargo por env\u00edo y manejo que pueda aparecer en el albar\u00e1n o la factura. Cuando recibamos el producto devuelto, lo examinaremos y le notificaremos por correo electr\u00f3nico, dentro de un tiempo razonable, si tiene derecho a un reembolso o cambio debido al defecto. Si tiene derecho a un cambio o un reembolso, reemplazaremos el producto o le reembolsaremos el precio de compra (dependiendo del m\u00e9todo de pago original). Los cargos de env\u00edo y manejo que ya pag\u00f3 no son reembolsables y los montos reembolsados \u200b\u200bno incluir\u00e1n el costo de env\u00edo. Puede pasar un per\u00edodo m\u00e1ximo de 30 d\u00edas h\u00e1biles despu\u00e9s de recibir nuestro correo electr\u00f3nico antes de que vea el reembolso en su estado de cuenta (Transferencia bancaria a la cuenta con la que pag\u00f3 su producto).<\/p>\n\n<p>Detalles de contacto :<br \/><strong>Contenedores Mar\u00edtimos Del Sur SL<\/strong><br \/>+34 656 66 70 38 (Puedes llamarnos o escribirnos por WhatsApp)<br \/>contacto@contenedoresmaritimos-sur.es<br \/>Arrabal Parque Log\u00edstico, 4, 46394 Valencia \u2013 Espa\u00f1a.<\/p>\n\n<p>Los clientes pueden devolver art\u00edculos sin abrir<\/p>\n\n<h5>Devoluci\u00f3n de art\u00edculos sin abrir:<\/h5>\n<p>Aceptamos devoluciones de art\u00edculos nuevos y sin abrir. Puede devolver art\u00edculos sin abrir en su embalaje original dentro de los 15 d\u00edas posteriores a la compra, con un recibo o comprobante de compra. Si han pasado 15 d\u00edas desde su compra, no podemos ofrecerle un reembolso o cambio.<br \/>Solo se pueden reembolsar los art\u00edculos de precio regular. Los art\u00edculos en oferta no son reembolsables.<br \/>Para rastrear el estado de su devoluci\u00f3n, cont\u00e1ctenos al n\u00famero de tel\u00e9fono o direcci\u00f3n de correo electr\u00f3nico a continuaci\u00f3n.<br \/><strong>Vientos alisios<\/strong><br \/>Solo intercambiamos productos defectuosos o da\u00f1ados. Cuando crea que un producto es defectuoso, comun\u00edquese con nosotros, dentro de los 15 d\u00edas posteriores a su compra, al n\u00famero de tel\u00e9fono o direcci\u00f3n de correo electr\u00f3nico a continuaci\u00f3n y proporcione los detalles del producto y el defecto. A continuaci\u00f3n, le indicaremos c\u00f3mo devolver el producto.<br \/><strong>Excepciones<\/strong><br \/>Algunos art\u00edculos no son reembolsables ni intercambiables. Estos art\u00edculos est\u00e1n designados en nuestro sitio web como no reembolsables, a la venta o como parte de una venta final.<br \/><strong>Despacho<\/strong><br \/>Usted ser\u00e1 responsable de los costos de env\u00edo asociados con la devoluci\u00f3n de su art\u00edculo. No somos responsables de ninguna p\u00e9rdida o da\u00f1o que ocurra durante el tr\u00e1nsito. Tambi\u00e9n debe, para todas las devoluciones, pagar por adelantado el costo del env\u00edo y el seguro (si corresponde).<br \/>Si su devoluci\u00f3n es elegible para un reembolso, el reembolso no incluir\u00e1 ning\u00fan cargo por env\u00edo y manejo que pueda aparecer en el albar\u00e1n o la factura.<br \/>Para devolver o cambiar el art\u00edculo que compr\u00f3, env\u00edelo por correo, junto con una copia de su recibo y cualquier otra informaci\u00f3n relacionada con su compra, a la direcci\u00f3n que figura en los detalles de contacto a continuaci\u00f3n:<\/p>\n\n<p><strong>Contenedores Mar\u00edtimos Del Sur SL<\/strong><br \/>Arrabal Parque Log\u00edstico, 4, 46394 Valencia \u2013 Espa\u00f1a.<\/p>\n\n<h5>Proceso<\/h5>\n<p>Cuando recibamos su art\u00edculo, lo examinaremos y le notificaremos por correo electr\u00f3nico dentro de un tiempo razonable si es elegible para un reembolso o cambio.<br \/>Si es elegible para un reembolso, le reembolsaremos el precio de compra y se aplicar\u00e1 un cr\u00e9dito a la forma de pago original. Los cargos de env\u00edo y manejo que ya pag\u00f3 no son reembolsables y los montos reembolsados \u200b\u200bno incluir\u00e1n el costo de env\u00edo. Puede tomar hasta 30 d\u00edas h\u00e1biles despu\u00e9s de recibir nuestro correo electr\u00f3nico antes de que vea el reembolso en su estado de cuenta.<br \/>Si tienes derecho a un cambio, te enviaremos un art\u00edculo nuevo a la direcci\u00f3n de env\u00edo original en un plazo m\u00e1ximo de 15 d\u00edas.<\/p>\n\n<p>Detalles de contacto :<br \/><strong>Contenedores Mar\u00edtimos Del Sur SL<\/strong><br \/>+34 656 66 70 38 (Puedes llamarnos o escribirnos por WhatsApp)<br \/>contacto@contenedoresmaritimos-sur.es<br \/>Arrabal Parque Log\u00edstico, 4, 46394 Valencia \u2013 Espa\u00f1a.<\/p>\n\t\t\t\t\t\t\t\t<\/div>\n\t\t\t\t<\/div>\n\t\t\t\t\t<\/div>\n\t\t<\/div>\n\t\t\t\t\t<\/div>\n\t\t<\/section>\n\t\t\t\t<\/div>\n\t\t","protected":false},"excerpt":{"rendered":"<p>Las devoluciones aceptadas por el comerciante son solo para art\u00edculos defectuosos. No aceptamos devoluciones o cambios a menos que el<\/p>\n","protected":false},"author":1,"featured_media":0,"parent":0,"menu_order":0,"comment_status":"closed","ping_status":"closed","template":"","meta":{"footnotes":""},"class_list":["post-8572","page","type-page","status-publish","hentry"],"_links":{"self":[{"href":"https:\/\/contenedoresmaritimos-sur.es\/index.php\/wp-json\/wp\/v2\/pages\/8572","targetHints":{"allow":["GET"]}}],"collection":[{"href":"https:\/\/contenedoresmaritimos-sur.es\/index.php\/wp-json\/wp\/v2\/pages"}],"about":[{"href":"https:\/\/contenedoresmaritimos-sur.es\/index.php\/wp-json\/wp\/v2\/types\/page"}],"author":[{"embeddable":true,"href":"https:\/\/contenedoresmaritimos-sur.es\/index.php\/wp-json\/wp\/v2\/users\/1"}],"replies":[{"embeddable":true,"href":"https:\/\/contenedoresmaritimos-sur.es\/index.php\/wp-json\/wp\/v2\/comments?post=8572"}],"version-history":[{"count":8,"href":"https:\/\/contenedoresmaritimos-sur.es\/index.php\/wp-json\/wp\/v2\/pages\/8572\/revisions"}],"predecessor-version":[{"id":8700,"href":"https:\/\/contenedoresmaritimos-sur.es\/index.php\/wp-json\/wp\/v2\/pages\/8572\/revisions\/8700"}],"wp:attachment":[{"href":"https:\/\/contenedoresmaritimos-sur.es\/index.php\/wp-json\/wp\/v2\/media?parent=8572"}],"curies":[{"name":"wp","href":"https:\/\/api.w.org\/{rel}","templated":true}]}}