{"id":8671,"date":"2023-02-25T19:32:56","date_gmt":"2023-02-25T18:32:56","guid":{"rendered":"https:\/\/contenedoresmaritimos-sur.es\/?page_id=8671"},"modified":"2023-02-25T19:34:45","modified_gmt":"2023-02-25T18:34:45","slug":"politica-de-confidencialidad","status":"publish","type":"page","link":"https:\/\/contenedoresmaritimos-sur.es\/index.php\/politica-de-confidencialidad\/","title":{"rendered":"Pol\u00edtica de confidencialidad"},"content":{"rendered":"\t\t<div data-elementor-type=\"wp-page\" data-elementor-id=\"8671\" class=\"elementor elementor-8671\">\n\t\t\t\t\t\t<section class=\"elementor-section elementor-top-section elementor-element elementor-element-69792596 elementor-section-boxed elementor-section-height-default elementor-section-height-default wd-section-disabled\" data-id=\"69792596\" data-element_type=\"section\">\n\t\t\t\t\t\t<div class=\"elementor-container elementor-column-gap-default\">\n\t\t\t\t\t<div class=\"elementor-column elementor-col-100 elementor-top-column elementor-element elementor-element-65c2c84f\" data-id=\"65c2c84f\" data-element_type=\"column\">\n\t\t\t<div class=\"elementor-widget-wrap elementor-element-populated\">\n\t\t\t\t\t\t<div class=\"elementor-element elementor-element-14afef2e color-scheme-inherit text-left elementor-widget elementor-widget-text-editor\" data-id=\"14afef2e\" data-element_type=\"widget\" data-widget_type=\"text-editor.default\">\n\t\t\t\t<div class=\"elementor-widget-container\">\n\t\t\t\t\t\t\t\t\t\n<h5>ART\u00cdCULO 1 &#8211; INFORMACI\u00d3N PERSONAL RECOGIDA<\/h5>\n\n<p>Cuando realiza una compra en nuestra tienda, como parte de nuestro proceso de compra y venta, recopilamos la informaci\u00f3n personal que nos brinda, como su nombre, direcci\u00f3n y direcci\u00f3n de correo electr\u00f3nico.<\/p>\n\n<p>Cuando navega por nuestra tienda, tambi\u00e9n recibimos autom\u00e1ticamente la direcci\u00f3n del Protocolo de Internet (direcci\u00f3n IP) de su computadora, lo que nos permite obtener m\u00e1s detalles sobre el navegador y el sistema operativo que est\u00e1 utilizando.<\/p>\n\n<p>Marketing por correo electr\u00f3nico (si corresponde): con su permiso, podemos enviarle correos electr\u00f3nicos sobre nuestra tienda, nuevos productos y otras actualizaciones.<\/p>\n\n<h5>ART\u00cdCULO 2 \u2013 CONSENTIMIENTO<\/h5>\n\n<p>\u00bfC\u00f3mo obtienes mi consentimiento?<\/p>\n\n<p>Cuando nos proporciona su informaci\u00f3n personal para completar una transacci\u00f3n, verificar su tarjeta de cr\u00e9dito, realizar un pedido, programar una entrega o devolver una compra, asumimos que acepta que recopilemos su informaci\u00f3n y la utilicemos solo con este fin.<\/p>\n\n<p>Si le pedimos que nos proporcione su informaci\u00f3n personal por otro motivo, como por ejemplo con fines de marketing, le pediremos directamente su consentimiento expreso o le daremos la oportunidad de negarse.<\/p>\n\n<p>\u00bfC\u00f3mo puedo retirar mi consentimiento?<\/p>\n\n<p>Si despu\u00e9s de darnos su consentimiento, cambia de opini\u00f3n y ya no da su consentimiento para que nos comuniquemos con usted, recopilemos su informaci\u00f3n o la divulguemos, puede notificarnos comunic\u00e1ndose con nosotros a services@fermedubois.com o por correo a: Wood Farm<\/p>\n\n<h5>ART\u00cdCULO 3 \u2013 DIVULGACI\u00d3N<\/h5>\n\n<p>Podemos divulgar su informaci\u00f3n personal si la ley nos obliga a hacerlo o si viola nuestras Condiciones Generales de Venta y Uso.<\/p>\n\n<h5>ART\u00cdCULO 4 \u2013 Nuestra tienda<\/h5>\n\n<p>Nuestra tienda est\u00e1 alojada en HOSTINGER. Nos proporcionan la plataforma de comercio electr\u00f3nico en l\u00ednea que nos permite venderle nuestros servicios y productos.<\/p>\n\n<p>Sus datos se almacenan en el sistema de almacenamiento de datos y bases de datos, y en la aplicaci\u00f3n general. Sus datos se almacenan en un servidor seguro protegido por un firewall.<\/p>\n\n<p><strong>Pago<\/strong>:<\/p>\n\n<p>Si realiza su compra a trav\u00e9s de una pasarela de pago directo, almacenamos la informaci\u00f3n de su tarjeta de cr\u00e9dito. Esta informaci\u00f3n est\u00e1 encriptada de acuerdo con el Est\u00e1ndar de seguridad de datos de la industria de tarjetas de pago (PCI-DSS). La informaci\u00f3n relacionada con su transacci\u00f3n de compra se conserva durante el tiempo que sea necesario para finalizar su pedido. Una vez finalizado su pedido, se elimina la informaci\u00f3n relativa a la transacci\u00f3n de compra.<\/p>\n\n<p>Todas las pasarelas de pago directo cumplen con PCI-DSS, administradas por el PCI Security Standards Council, que es un esfuerzo conjunto de empresas como Visa, MasterCard, American Express y Discover.<\/p>\n\n<p>Los requisitos de PCI-DSS ayudan a garantizar el manejo seguro de los datos de tarjetas de cr\u00e9dito por parte de nuestra tienda y sus proveedores de servicios.<\/p>\n\n<p>Para obtener m\u00e1s informaci\u00f3n, consulte los T\u00e9rminos de servicio aqu\u00ed o la Pol\u00edtica de privacidad aqu\u00ed.<\/p>\n\n<h5>ART\u00cdCULO 5 &#8211; SERVICIOS PRESTADOS POR TERCEROS<\/h5>\n\n<p>En general, los proveedores externos que utilizamos solo recopilar\u00e1n, utilizar\u00e1n y divulgar\u00e1n su informaci\u00f3n en la medida necesaria para realizar los servicios que nos brindan.<\/p>\n\n<p>Sin embargo, ciertos proveedores de servicios externos, como pasarelas de pago y otros procesadores de transacciones de pago, tienen sus propias pol\u00edticas de privacidad con respecto a la informaci\u00f3n que debemos proporcionarles para sus transacciones de compra.<\/p>\n\n<p>Con respecto a estos proveedores, le recomendamos que lea detenidamente sus pol\u00edticas de privacidad para que pueda comprender c\u00f3mo tratar\u00e1n su informaci\u00f3n personal.<\/p>\n\n<p>Cabe recordar que algunos proveedores pueden estar ubicados o tener instalaciones ubicadas en una jurisdicci\u00f3n diferente a la suya o la nuestra. Entonces, si decide continuar con una transacci\u00f3n que requiere los servicios de un proveedor externo, su informaci\u00f3n puede regirse por las leyes de la jurisdicci\u00f3n en la que se encuentra ese proveedor o las de la jurisdicci\u00f3n en la que se encuentran sus instalaciones.<\/p>\n\n<p>Por ejemplo, si se encuentra en Canad\u00e1 y su transacci\u00f3n es procesada por una pasarela de pago ubicada en los Estados Unidos, la informaci\u00f3n que le pertenece y que se utiliz\u00f3 para completar la transacci\u00f3n puede divulgarse seg\u00fan las leyes de los Estados Unidos. incluida la Ley Patriota.<\/p>\n\n<p>Una vez que abandona el sitio web de nuestra tienda o es redirigido a un sitio web o aplicaci\u00f3n de un tercero, ya no se rige por esta Pol\u00edtica de privacidad ni por los T\u00e9rminos de uso de nuestro sitio web.<\/p>\n\n<p><strong>V\u00ednculos<\/strong><\/p>\n\n<p>Es posible que deba abandonar nuestro sitio web haciendo clic en ciertos enlaces en nuestro sitio. No asumimos ninguna responsabilidad por las pr\u00e1cticas de privacidad ejercidas por estos otros sitios y le recomendamos que lea atentamente sus pol\u00edticas de privacidad.<\/p>\n\n<h5>ART\u00cdCULO 6 \u2013 SEGURIDAD<\/h5>\n\n<p>Para proteger sus datos personales, tomamos precauciones razonables y seguimos las mejores pr\u00e1cticas de la industria para garantizar que no se pierdan, utilicen indebidamente, accedan, divulguen, alteren o destruyan de manera inapropiada.<\/p>\n\n<p>Si nos proporciona la informaci\u00f3n de su tarjeta de cr\u00e9dito, se cifrar\u00e1 utilizando el protocolo de seguridad SSL y se almacenar\u00e1 con un cifrado de tipo AES-256. Si bien ning\u00fan m\u00e9todo de transmisi\u00f3n a trav\u00e9s de Internet o almacenamiento electr\u00f3nico es 100 % seguro, seguimos todos los requisitos de PCI-DSS e implementamos est\u00e1ndares adicionales de la industria generalmente aceptados.<br \/>GALLETAS<\/p>\n\n<p>Aqu\u00ed hay una lista de cookies que utilizamos. Los hemos enumerado aqu\u00ed para que elija si desea permitirlos o no.<\/p>\n\n<p>_session_id, identificador de sesi\u00f3n \u00fanico, se utiliza para almacenar informaci\u00f3n sobre su sesi\u00f3n (referente, p\u00e1gina de destino, etc.).<\/p>\n\n<p>No se conservan datos, persiste durante 30 minutos desde la \u00faltima visita. Utilizado por el sistema de seguimiento de estad\u00edsticas internas de nuestro proveedor de sitios web para registrar el n\u00famero de visitas.<\/p>\n\n<p>No se retienen datos, caduca a la medianoche (dependiendo de la ubicaci\u00f3n del visitante) del d\u00eda siguiente. Calcula el n\u00famero de visitas a una tienda por cliente \u00fanico.<\/p>\n\n<p>carrito, identificador \u00fanico, persiste durante 2 semanas, almacena la informaci\u00f3n de su carrito de compras.<\/p>\n\n<p>_secure_session_id, identificador de sesi\u00f3n \u00fanico<\/p>\n\n<p>storefront_digest, identificador \u00fanico, indefinido si la tienda tiene contrase\u00f1a, se usa para saber si el visitante actual tiene acceso.<\/p>\n\n<h5>ART\u00cdCULO 7 \u2013 EDAD DE CONSENTIMIENTO<\/h5>\n\n<p>sitio web.<\/p>\n\n<h5>ART\u00cdCULO 8 \u2013 CAMBIOS A ESTA POL\u00cdTICA DE PRIVACIDAD<\/h5>\n\n<p>Nos reservamos el derecho de modificar esta Pol\u00edtica de privacidad en cualquier momento, as\u00ed que rev\u00edsela con frecuencia. Los cambios y aclaraciones entrar\u00e1n en vigencia inmediatamente despu\u00e9s de su publicaci\u00f3n en el sitio web. Si hacemos alg\u00fan cambio en el contenido de esta pol\u00edtica, le notificaremos aqu\u00ed que se ha actualizado, para que sepa qu\u00e9 informaci\u00f3n recopilamos, c\u00f3mo la usamos y en qu\u00e9 circunstancias la divulgamos. para hacerlo<\/p>\n\n<p>Si nuestra tienda es adquirida o fusionada con otra empresa, su informaci\u00f3n puede transferirse a los nuevos propietarios para que podamos continuar vendi\u00e9ndole productos.<\/p>\n\n<p><strong>PREGUNTAS E INFORMACI\u00d3N DE CONTACTO<\/strong><\/p>\n\n<p>Si desea: acceder, corregir, modificar o eliminar cualquier informaci\u00f3n personal que tengamos sobre usted, presentar una queja o simplemente desea obtener m\u00e1s informaci\u00f3n, comun\u00edquese con nuestro Oficial de Cumplimiento de Privacidad en contacto@contenedoresmaritimos-sur.es o por correo a <strong>Contenedores Mar\u00edtimos Del Sur SL<\/strong>.<\/p>\n\t\t\t\t\t\t\t\t<\/div>\n\t\t\t\t<\/div>\n\t\t\t\t\t<\/div>\n\t\t<\/div>\n\t\t\t\t\t<\/div>\n\t\t<\/section>\n\t\t\t\t<\/div>\n\t\t","protected":false},"excerpt":{"rendered":"<p>ART\u00cdCULO 1 &#8211; INFORMACI\u00d3N PERSONAL RECOGIDA Cuando realiza una compra en nuestra tienda, como parte de nuestro proceso de compra<\/p>\n","protected":false},"author":1,"featured_media":0,"parent":0,"menu_order":0,"comment_status":"closed","ping_status":"closed","template":"","meta":{"footnotes":""},"class_list":["post-8671","page","type-page","status-publish","hentry"],"_links":{"self":[{"href":"https:\/\/contenedoresmaritimos-sur.es\/index.php\/wp-json\/wp\/v2\/pages\/8671","targetHints":{"allow":["GET"]}}],"collection":[{"href":"https:\/\/contenedoresmaritimos-sur.es\/index.php\/wp-json\/wp\/v2\/pages"}],"about":[{"href":"https:\/\/contenedoresmaritimos-sur.es\/index.php\/wp-json\/wp\/v2\/types\/page"}],"author":[{"embeddable":true,"href":"https:\/\/contenedoresmaritimos-sur.es\/index.php\/wp-json\/wp\/v2\/users\/1"}],"replies":[{"embeddable":true,"href":"https:\/\/contenedoresmaritimos-sur.es\/index.php\/wp-json\/wp\/v2\/comments?post=8671"}],"version-history":[{"count":5,"href":"https:\/\/contenedoresmaritimos-sur.es\/index.php\/wp-json\/wp\/v2\/pages\/8671\/revisions"}],"predecessor-version":[{"id":8676,"href":"https:\/\/contenedoresmaritimos-sur.es\/index.php\/wp-json\/wp\/v2\/pages\/8671\/revisions\/8676"}],"wp:attachment":[{"href":"https:\/\/contenedoresmaritimos-sur.es\/index.php\/wp-json\/wp\/v2\/media?parent=8671"}],"curies":[{"name":"wp","href":"https:\/\/api.w.org\/{rel}","templated":true}]}}