{"id":8680,"date":"2023-04-15T11:27:34","date_gmt":"2023-04-15T09:27:34","guid":{"rendered":"https:\/\/contenedoresmaritimos-sur.es\/?post_type=product&#038;p=8680"},"modified":"2025-09-04T12:33:14","modified_gmt":"2025-09-04T10:33:14","slug":"contenedor-maritimo-15-pies-46m-nuevo","status":"publish","type":"product","link":"https:\/\/contenedoresmaritimos-sur.es\/index.php\/produit\/contenedor-maritimo-15-pies-46m-nuevo\/","title":{"rendered":"CONTENEDOR MAR\u00cdTIMO 40 PIES CON APERTURA LATERAL \/ NUEVO"},"content":{"rendered":"","protected":false},"excerpt":{"rendered":"<p>El contenedor 40 pies Open Side tambi\u00e9n es utilizado para la actividad de almacenamiento. Es particularmente resistente a los robos puesto que la integralidad de su estructura es de acero Corten. Sus paredes est\u00e1n compuestas de l\u00e1minas onduladas y largueros sobre los cuales reside un piso de madera contrachapada marina de 28 mm.<\/p>\n<p>El contenedor mar\u00edtimo 40 pies Open Side puede abrirse hacia el exterior por un extremo pero principalmente por su longitud puesto que est\u00e1 equipado de una abertura lateral completa sin una posici\u00f3n vertical central.<br \/>\nLa apertura se realiza con dos puertas dobles, plegables a ambos lados.<\/p>\n<p>El contenedor mar\u00edtimo 40 pies Open Side nuevo (primer viaje), consta de una protecci\u00f3n para candado (protege candado) para asegurar el acceso de cada abertura (dos en total).\u00a0 Es una soluci\u00f3n multimodal.\u00a0 El contenedor puede transportarse y entregarse de diferentes maneras : cami\u00f3n, tren, barcaza y barco.<\/p>\n<p>&nbsp;<\/p>\n<h2 class=\"title black min\">VENTAJAS<\/h2>\n<ul>\n<li>Gran abertura lateral<\/li>\n<li>Seguro y herm\u00e9tico<\/li>\n<li>Carga f\u00e1cil<\/li>\n<li>Ideal para el almacenamiento en CANTILEVER<\/li>\n<li>Instalaci\u00f3n f\u00e1cil y sin l\u00edmite<\/li>\n<li>Estructura autoportante<\/li>\n<li>Conformidad ISO Tipo 42G1 \u2013 Grupo ISO 42GP<\/li>\n<\/ul>\n<p>-Dimensiones exteriores : 12,19m x 2,44m x 2,59m<br \/>\n-Dimensiones interiores :12,03m x 2,35m x 2,39m<\/p>\n","protected":false},"featured_media":8737,"template":"","meta":[],"product_brand":[],"product_cat":[76,80,83],"product_tag":[],"class_list":{"0":"post-8680","1":"product","2":"type-product","3":"status-publish","4":"has-post-thumbnail","6":"product_cat-contenedor-de-almacenamiento-planos","7":"product_cat-contenedores-de-40-pies","8":"product_cat-contenedores-maritimos-nuevo","10":"first","11":"instock","12":"sale","13":"shipping-taxable","14":"purchasable","15":"product-type-simple"},"_links":{"self":[{"href":"https:\/\/contenedoresmaritimos-sur.es\/index.php\/wp-json\/wp\/v2\/product\/8680","targetHints":{"allow":["GET"]}}],"collection":[{"href":"https:\/\/contenedoresmaritimos-sur.es\/index.php\/wp-json\/wp\/v2\/product"}],"about":[{"href":"https:\/\/contenedoresmaritimos-sur.es\/index.php\/wp-json\/wp\/v2\/types\/product"}],"version-history":[{"count":4,"href":"https:\/\/contenedoresmaritimos-sur.es\/index.php\/wp-json\/wp\/v2\/product\/8680\/revisions"}],"predecessor-version":[{"id":8856,"href":"https:\/\/contenedoresmaritimos-sur.es\/index.php\/wp-json\/wp\/v2\/product\/8680\/revisions\/8856"}],"wp:featuredmedia":[{"embeddable":true,"href":"https:\/\/contenedoresmaritimos-sur.es\/index.php\/wp-json\/wp\/v2\/media\/8737"}],"wp:attachment":[{"href":"https:\/\/contenedoresmaritimos-sur.es\/index.php\/wp-json\/wp\/v2\/media?parent=8680"}],"wp:term":[{"taxonomy":"product_brand","embeddable":true,"href":"https:\/\/contenedoresmaritimos-sur.es\/index.php\/wp-json\/wp\/v2\/product_brand?post=8680"},{"taxonomy":"product_cat","embeddable":true,"href":"https:\/\/contenedoresmaritimos-sur.es\/index.php\/wp-json\/wp\/v2\/product_cat?post=8680"},{"taxonomy":"product_tag","embeddable":true,"href":"https:\/\/contenedoresmaritimos-sur.es\/index.php\/wp-json\/wp\/v2\/product_tag?post=8680"}],"curies":[{"name":"wp","href":"https:\/\/api.w.org\/{rel}","templated":true}]}}