{"id":8684,"date":"2023-04-15T11:30:48","date_gmt":"2023-04-15T09:30:48","guid":{"rendered":"https:\/\/contenedoresmaritimos-sur.es\/?post_type=product&#038;p=8684"},"modified":"2025-09-04T12:27:45","modified_gmt":"2025-09-04T10:27:45","slug":"contenedor-maritimo-6-pies-19m-nuevo","status":"publish","type":"product","link":"https:\/\/contenedoresmaritimos-sur.es\/index.php\/produit\/contenedor-maritimo-6-pies-19m-nuevo\/","title":{"rendered":"CONTENEDOR MAR\u00cdTIMO 20 PIES \/ NUEVO"},"content":{"rendered":"","protected":false},"excerpt":{"rendered":"<p>Descripci\u00f3n<\/p>\n<p>Garantizamos que todos los contenedores son herm\u00e9ticos y que le dar\u00e1n un buen servicio: son una excelente soluci\u00f3n de almacenamiento y ofrecen una prolongada durabilidad. No hay orificios en la estructura y el piso de madera se encuentra en buen estado. El contenedor puede ser de cualquier color y, algunas veces, puede conservar a\u00fan el logotipo de la empresa naviera.<\/p>\n<p>-Dimensiones exteriores : 6,05m x 2,43m x 2,59m<br \/>\n-Dimensiones interiores : 5,90m x 2,35m x 2,39m<\/p>\n<p>Los contenedores mar\u00edtimos son los m\u00e1s adecuados para tenerlos como almac\u00e9n protegiendo la carga o los \u00fatiles que deseemos guardar. Son muy resistentes y apilables.<\/p>\n<p>Estos contenedores de 1\u00ba viaje (un solo uso) cumplen con las normas CSC y vigentes para transporte mar\u00edtimo.<\/p>\n<p><b>Versatilidad<\/b><br \/>\n\u2013 Por su origen mar\u00edtimo permiten la carga, transporte y manipulaci\u00f3n en todos los medios, que facilita su r\u00e1pido traslado y puesta en servicio en el lugar requerido.<\/p>\n<p>Robustez<br \/>\n\u2013 Estos equipos son de una gran fortaleza y simplicidad pues est\u00e1n construidos para soportar las inclemencias mar\u00edtimas.<br \/>\n\u2013 Su estructura es de acero\u00a0<b>Corten Steel<\/b>\u00a0que le brinda durabilidad y resistencia.<br \/>\n\u2013 Chapa exterior 1.8 mm.<br \/>\n\u2013 Estructura en vigas de acero.<br \/>\n\u2013 Pavimento interior en compensado mar\u00edtimo.<br \/>\n\u2013 Puerta en 2 hojas con trabas y soporte para candado.<br \/>\n\u2013 Operativo en condici\u00f3n Cargo Worthy, apto, de acuerdo a las reglas mar\u00edtimas internacionales, para el transporte de carga general.<\/p>\n<p><b>Accesibilidad<\/b><br \/>\n\u2013 Posee frontalmente una doble puerta de aproximadamente 2,40 metros de ancho y 2,59 metros de alto y un pavimento interior en compensado mar\u00edtimo.<br \/>\n<b><br \/>\nAlmacenamiento<\/b><br \/>\n\u2013 Por su estructura ISO permite el apilado en altura (dependiendo de la maquinaria e infraestructura de piso utilizada)<\/p>\n","protected":false},"featured_media":8725,"template":"","meta":[],"product_brand":[],"product_cat":[76,79,83],"product_tag":[],"class_list":{"0":"post-8684","1":"product","2":"type-product","3":"status-publish","4":"has-post-thumbnail","6":"product_cat-contenedor-de-almacenamiento-planos","7":"product_cat-contenedores-de-20-pies","8":"product_cat-contenedores-maritimos-nuevo","10":"first","11":"instock","12":"sale","13":"shipping-taxable","14":"purchasable","15":"product-type-simple"},"_links":{"self":[{"href":"https:\/\/contenedoresmaritimos-sur.es\/index.php\/wp-json\/wp\/v2\/product\/8684","targetHints":{"allow":["GET"]}}],"collection":[{"href":"https:\/\/contenedoresmaritimos-sur.es\/index.php\/wp-json\/wp\/v2\/product"}],"about":[{"href":"https:\/\/contenedoresmaritimos-sur.es\/index.php\/wp-json\/wp\/v2\/types\/product"}],"version-history":[{"count":4,"href":"https:\/\/contenedoresmaritimos-sur.es\/index.php\/wp-json\/wp\/v2\/product\/8684\/revisions"}],"predecessor-version":[{"id":8854,"href":"https:\/\/contenedoresmaritimos-sur.es\/index.php\/wp-json\/wp\/v2\/product\/8684\/revisions\/8854"}],"wp:featuredmedia":[{"embeddable":true,"href":"https:\/\/contenedoresmaritimos-sur.es\/index.php\/wp-json\/wp\/v2\/media\/8725"}],"wp:attachment":[{"href":"https:\/\/contenedoresmaritimos-sur.es\/index.php\/wp-json\/wp\/v2\/media?parent=8684"}],"wp:term":[{"taxonomy":"product_brand","embeddable":true,"href":"https:\/\/contenedoresmaritimos-sur.es\/index.php\/wp-json\/wp\/v2\/product_brand?post=8684"},{"taxonomy":"product_cat","embeddable":true,"href":"https:\/\/contenedoresmaritimos-sur.es\/index.php\/wp-json\/wp\/v2\/product_cat?post=8684"},{"taxonomy":"product_tag","embeddable":true,"href":"https:\/\/contenedoresmaritimos-sur.es\/index.php\/wp-json\/wp\/v2\/product_tag?post=8684"}],"curies":[{"name":"wp","href":"https:\/\/api.w.org\/{rel}","templated":true}]}}