{"id":8708,"date":"2023-04-21T15:24:15","date_gmt":"2023-04-21T13:24:15","guid":{"rendered":"https:\/\/contenedoresmaritimos-sur.es\/?post_type=product&#038;p=8708"},"modified":"2025-09-04T12:01:36","modified_gmt":"2025-09-04T10:01:36","slug":"contenedor-maritimo-iso-40-pies","status":"publish","type":"product","link":"https:\/\/contenedoresmaritimos-sur.es\/index.php\/produit\/contenedor-maritimo-iso-40-pies\/","title":{"rendered":"CONTENEDOR MAR\u00cdTIMO 40 PIES HC"},"content":{"rendered":"","protected":false},"excerpt":{"rendered":"<p>Descripci\u00f3n<\/p>\n<p>Contenedor 40 pies HC<br \/>\n-Dimensiones exteriores : 12,19m x 2,44m x 2,90m<br \/>\n-Dimensiones interiores :12,01m x 2,32m x 2,70m<\/p>\n<p>El contenedor mar\u00edtimo se utiliza principalmente para el transporte de mercanc\u00edas v\u00eda mar\u00edtima, carretera o tren, aunque se ha extendido tambi\u00e9n su uso para otros fines como almacenaje, obras, etc. debido a su bajo precio y en las estandarizaci\u00f3n de sus medidas.<\/p>\n<p>Estos contenedores usados, cumplen con las normas CSC y han pasado la inspecci\u00f3n de la OCA (validez para transporte mar\u00edtimo) ya que han sido revisados y neutralizados.<\/p>\n<p><b>Versatilidad<\/b><br \/>\nPor su origen mar\u00edtimo permiten la carga, transporte y manipulaci\u00f3n en todos los medios, que facilita su r\u00e1pido traslado y puesta en servicio en el lugar requerido.<\/p>\n<p><b>Robustez<\/b><br \/>\n&#8211; Estos equipos son de una gran fortaleza y simplicidad pues est\u00e1n construidos para soportar las inclemencias mar\u00edtimas.<br \/>\n&#8211; Su estructura es de acero\u00a0<b>Corten Steel<\/b>\u00a0que le brinda durabilidad y resistencia.<br \/>\n&#8211; Chapa exterior 1.8 mm.<br \/>\n&#8211; Estructura en vigas de acero.<br \/>\n&#8211; Pavimento interior en compensado mar\u00edtimo.<br \/>\n&#8211; Puerta en 2 hojas con trabas y soporte para candado.<br \/>\n&#8211; Operativo en condici\u00f3n Cargo Worthy, apto, de acuerdo a las reglas mar\u00edtimas internacionales, para el transporte de carga general.<\/p>\n<p>Accesibilidad<br \/>\nPosee frontalmente una doble puerta de aproximadamente 2,40 metros de ancho y 2,59 metros de alto (2,89 para los HC) y un pavimento interior en compensado mar\u00edtimo.<\/p>\n<p><b>Almacenamiento<\/b><br \/>\n&#8211; Por su estructura ISO permite el apilado en altura (dependiendo de la maquinaria e infraestructura de piso utilizada)<\/p>\n<p>En los precios esta incluida la revision de la placa CSC.<\/p>\n","protected":false},"featured_media":8731,"template":"","meta":[],"product_brand":[],"product_cat":[85,80,83],"product_tag":[],"class_list":{"0":"post-8708","1":"product","2":"type-product","3":"status-publish","4":"has-post-thumbnail","6":"product_cat-contenedor-40-pies-hc","7":"product_cat-contenedores-de-40-pies","8":"product_cat-contenedores-maritimos-nuevo","10":"first","11":"instock","12":"sale","13":"shipping-taxable","14":"purchasable","15":"product-type-simple"},"_links":{"self":[{"href":"https:\/\/contenedoresmaritimos-sur.es\/index.php\/wp-json\/wp\/v2\/product\/8708","targetHints":{"allow":["GET"]}}],"collection":[{"href":"https:\/\/contenedoresmaritimos-sur.es\/index.php\/wp-json\/wp\/v2\/product"}],"about":[{"href":"https:\/\/contenedoresmaritimos-sur.es\/index.php\/wp-json\/wp\/v2\/types\/product"}],"version-history":[{"count":3,"href":"https:\/\/contenedoresmaritimos-sur.es\/index.php\/wp-json\/wp\/v2\/product\/8708\/revisions"}],"predecessor-version":[{"id":8851,"href":"https:\/\/contenedoresmaritimos-sur.es\/index.php\/wp-json\/wp\/v2\/product\/8708\/revisions\/8851"}],"wp:featuredmedia":[{"embeddable":true,"href":"https:\/\/contenedoresmaritimos-sur.es\/index.php\/wp-json\/wp\/v2\/media\/8731"}],"wp:attachment":[{"href":"https:\/\/contenedoresmaritimos-sur.es\/index.php\/wp-json\/wp\/v2\/media?parent=8708"}],"wp:term":[{"taxonomy":"product_brand","embeddable":true,"href":"https:\/\/contenedoresmaritimos-sur.es\/index.php\/wp-json\/wp\/v2\/product_brand?post=8708"},{"taxonomy":"product_cat","embeddable":true,"href":"https:\/\/contenedoresmaritimos-sur.es\/index.php\/wp-json\/wp\/v2\/product_cat?post=8708"},{"taxonomy":"product_tag","embeddable":true,"href":"https:\/\/contenedoresmaritimos-sur.es\/index.php\/wp-json\/wp\/v2\/product_tag?post=8708"}],"curies":[{"name":"wp","href":"https:\/\/api.w.org\/{rel}","templated":true}]}}