{"id":8743,"date":"2023-04-21T17:47:29","date_gmt":"2023-04-21T15:47:29","guid":{"rendered":"https:\/\/contenedoresmaritimos-sur.es\/?post_type=product&#038;p=8743"},"modified":"2025-09-04T11:46:14","modified_gmt":"2025-09-04T09:46:14","slug":"8743","status":"publish","type":"product","link":"https:\/\/contenedoresmaritimos-sur.es\/index.php\/produit\/8743\/","title":{"rendered":"CONTENEDOR FRIGOR\u00cdFICO 20 PIES"},"content":{"rendered":"","protected":false},"excerpt":{"rendered":"<p>Descripci\u00f3n<\/p>\n<p>Ofrece la posibilidad de enviar mercanc\u00edas diversas: alimentarias (carne, aves, pescado, productos l\u00e1cteos, confiter\u00eda, helados, frutas y verduras, etc.) o no alimentarias (plantas, productos qu\u00edmicos, farmac\u00e9uticos, petroqu\u00edmicos, etc.) por mar, que requieren temperatura y humedad controladas.<\/p>\n<p>Tambi\u00e9n muy m\u00f3vil, es la soluci\u00f3n ideal para el comercio de alimentos, la industria y los eventos.<\/p>\n<p>El aislamiento del contenedor permite el mantenimiento constante de la temperatura interior, para conservar sus productos en \u00f3ptimas condiciones.<br \/>\nSu grupo frigor\u00edfico permite gestionar la temperatura interior entre -25\u00b0c y +25\u00b0c (+\/- 0,1\u00b0C).<\/p>\n<p>Los contenedores de almacenamiento refrigerado est\u00e1n dise\u00f1ados para uso en exteriores, pero tambi\u00e9n se usan en interiores. A\u00f1adir una c\u00e1mara frigor\u00edfica exterior o interior a tu actividad nunca ha sido tan r\u00e1pido, sencillo y eficaz gracias a sus adaptadas dimensiones (6m de largo).<br \/>\nEl contenedor refrigerado de 20 pies es robusto, seguro y adecuado para condiciones clim\u00e1ticas extremas.<\/p>\n<p>Los contenedores refrigerados requieren energ\u00eda trif\u00e1sica (3x400V) para operar de manera eficiente. El piso est\u00e1 equipado con rieles de aluminio en forma de \u201cT\u201d para una mejor circulaci\u00f3n del flujo de aire.<\/p>\n<p>VENTAJAS<\/p>\n<p>Modificaci\u00f3n de temperatura de -25 a +25\u00b0 por termostato<br \/>\nPrecisi\u00f3n de +\/- 0,1 \u00b0c<br \/>\nF\u00e1cil de usar<br \/>\nEntregado y listo para usar<br \/>\nGrupo de fr\u00edo controlado<br \/>\nModificaci\u00f3n de temperatura de -25 a +25\u00b0 por termostato<br \/>\nGrosor del aislamiento 70 mm<br \/>\nISO tipo 45R1: conformidad con el grupo ISO 45RT<br \/>\nAdaptado a planes HACCP (Hazard Analysis Critical Control Point)<\/p>\n<p>-CARACTER\u00cdSTICAS T\u00c9CNICAS<\/p>\n<p>Dimensiones interiores<br \/>\nLongitud: 5280 mm<br \/>\nAncho: 2294 mm<br \/>\nAltura: 2273 mm<br \/>\nAltura interior (hasta l\u00edmite de carga): 2.173 mm<\/p>\n<p>Dimensiones externas<br \/>\nLongitud: 6058 mm<br \/>\nAncho: 2438 mm<br \/>\nAltura: 2591 mm<\/p>\n<p>Dimensiones de la puerta<br \/>\nAncho: 2292 mm<br \/>\nAltura: 2264 mm<\/p>\n<p>Temperatura<br \/>\n-25 a 25\u00b0C<\/p>\n<p>Refrigerante<br \/>\nR134A<br \/>\nR404<br \/>\nR442 bajo pedido<\/p>\n<p>Piso:<br \/>\nCARRIL DE ALUMINIO EN FORMA DE T<br \/>\nGesti\u00f3n por panel Daikin, Thermoking o Carrier<br \/>\nAlmacenamiento de hasta 10 europalets<br \/>\nApertura de doble hoja en una de las caras exteriores<br \/>\nApertura de puerta de 270\u00b0<\/p>\n<p>Informaciones complementarias<br \/>\nCarga m\u00e1xima: 30.480 kg<br \/>\nPeso en vac\u00edo: 2.900 kg<br \/>\nPeso de carga \u00fatil: 27.580 kg<br \/>\nVolumen interior \u00fatil (hasta l\u00edmite de carga): 27 m3<br \/>\nVolumen interior total: 28,6 m3<\/p>\n","protected":false},"featured_media":8744,"template":"","meta":[],"product_brand":[],"product_cat":[76,78,80,83],"product_tag":[],"class_list":{"0":"post-8743","1":"product","2":"type-product","3":"status-publish","4":"has-post-thumbnail","6":"product_cat-contenedor-de-almacenamiento-planos","7":"product_cat-contenedor-frigorifico","8":"product_cat-contenedores-de-40-pies","9":"product_cat-contenedores-maritimos-nuevo","11":"first","12":"instock","13":"sale","14":"shipping-taxable","15":"purchasable","16":"product-type-simple"},"_links":{"self":[{"href":"https:\/\/contenedoresmaritimos-sur.es\/index.php\/wp-json\/wp\/v2\/product\/8743","targetHints":{"allow":["GET"]}}],"collection":[{"href":"https:\/\/contenedoresmaritimos-sur.es\/index.php\/wp-json\/wp\/v2\/product"}],"about":[{"href":"https:\/\/contenedoresmaritimos-sur.es\/index.php\/wp-json\/wp\/v2\/types\/product"}],"version-history":[{"count":5,"href":"https:\/\/contenedoresmaritimos-sur.es\/index.php\/wp-json\/wp\/v2\/product\/8743\/revisions"}],"predecessor-version":[{"id":8843,"href":"https:\/\/contenedoresmaritimos-sur.es\/index.php\/wp-json\/wp\/v2\/product\/8743\/revisions\/8843"}],"wp:featuredmedia":[{"embeddable":true,"href":"https:\/\/contenedoresmaritimos-sur.es\/index.php\/wp-json\/wp\/v2\/media\/8744"}],"wp:attachment":[{"href":"https:\/\/contenedoresmaritimos-sur.es\/index.php\/wp-json\/wp\/v2\/media?parent=8743"}],"wp:term":[{"taxonomy":"product_brand","embeddable":true,"href":"https:\/\/contenedoresmaritimos-sur.es\/index.php\/wp-json\/wp\/v2\/product_brand?post=8743"},{"taxonomy":"product_cat","embeddable":true,"href":"https:\/\/contenedoresmaritimos-sur.es\/index.php\/wp-json\/wp\/v2\/product_cat?post=8743"},{"taxonomy":"product_tag","embeddable":true,"href":"https:\/\/contenedoresmaritimos-sur.es\/index.php\/wp-json\/wp\/v2\/product_tag?post=8743"}],"curies":[{"name":"wp","href":"https:\/\/api.w.org\/{rel}","templated":true}]}}