{"id":8761,"date":"2023-04-23T12:36:03","date_gmt":"2023-04-23T10:36:03","guid":{"rendered":"https:\/\/contenedoresmaritimos-sur.es\/?post_type=product&#038;p=8761"},"modified":"2025-09-04T11:47:32","modified_gmt":"2025-09-04T09:47:32","slug":"contenedor-frigorifico-40-pies","status":"publish","type":"product","link":"https:\/\/contenedoresmaritimos-sur.es\/index.php\/produit\/contenedor-frigorifico-40-pies\/","title":{"rendered":"CONTENEDOR FRIGOR\u00cdFICO 40 PIES"},"content":{"rendered":"","protected":false},"excerpt":{"rendered":"<p>Descripci\u00f3n<\/p>\n<p>El contenedor frigor\u00edfico High Cube de 40 pies High Cube de 40 pies se puede utilizar para el almacenamiento a largo plazo de diversos productos: alimentos o no alimentos.<\/p>\n<p>El contenedor frigor\u00edfico High Cube de 40 pies High Cube de 40 pies se puede utilizar para almacenar productos diversos a largo plazo: alimentos (carne, aves, pescado, productos l\u00e1cteos, confiter\u00eda, helados, frutas y verduras, etc.) o no -alimentos (plantas, productos qu\u00edmicos, farmac\u00e9uticos, petroqu\u00edmicos, etc.).<\/p>\n<p>Ofrece la posibilidad de enviar productos por barco portacontenedores, requiriendo temperatura y humedad controladas.<\/p>\n<p>El contenedor frigor\u00edfico est\u00e1 aislado y equipado con un sistema de refrigeraci\u00f3n. Su unidad de fr\u00edo permite almacenar multitud de productos a una temperatura precisa (+\/- 0,1\u00b0C). Aunque se le llama \u201ccontenedor\u00a0frigor\u00edfico \u201d, puede mantener productos desde -25\u00b0c hasta +25\u00b0c como est\u00e1ndar dependiendo de sus requerimientos (atm\u00f3sfera controlada).<\/p>\n<p>Los contenedores de almacenamiento\u00a0frigor\u00edfico est\u00e1n dise\u00f1ados para uso en exteriores, aunque pueden usarse en almacenamiento en fr\u00edo en interiores.<\/p>\n<p>A\u00f1ade una c\u00e1mara frigor\u00edfica a tu actividad al mejor coste con un contenedor frigor\u00edfico (tambi\u00e9n disponible en c\u00e1maras ultracongeladoras hasta -60\u00b0C, s\u00faper congelador).<\/p>\n<p>El contenedor frigor\u00edfico es robusto, seguro y adecuado para condiciones clim\u00e1ticas extremas.<br \/>\nLos contenedores frigor\u00edficos requieren una fuente de alimentaci\u00f3n trif\u00e1sica (3x400V) para operar de manera eficiente. El piso est\u00e1 equipado con rieles de aluminio en forma de \u201cT\u201d para una mejor circulaci\u00f3n del flujo de aire.<br \/>\nNuestros contenedores est\u00e1n equipados con puertas dobles con cerradura para asegurar el acceso.<\/p>\n<p>VENTAJAS<\/p>\n<p>Modificaci\u00f3n de temperatura de -25 a +25\u00b0 por termostato<br \/>\nPrecisi\u00f3n de +\/- 0,1 \u00b0c<br \/>\nF\u00e1cil de usar<br \/>\nEntregado y listo para usar<br \/>\nGrupo de fr\u00edo controlado<br \/>\nModificaci\u00f3n de temperatura de -25 a +25\u00b0 por termostato<br \/>\nGrosor del aislamiento 70 mm<br \/>\nISO tipo 45R1: conformidad con el grupo ISO 45RT<br \/>\nAdaptado a planes HACCP (Hazard Analysis Critical Control Point)<\/p>\n<p>CARACTER\u00cdSTICAS T\u00c9CNICAS<br \/>\nDimensiones interiores<br \/>\nLongitud: 11.583 mm<br \/>\nAncho: 2294 mm<br \/>\nAltura: 2569 mm<br \/>\nAltura interior (hasta l\u00edmite de carga): 2.469 mm<\/p>\n<p>Dimensiones externas<br \/>\nLongitud: 12192 mm<br \/>\nAncho: 2438 mm<br \/>\nAltura: 2896 mm<\/p>\n<p>Dimensiones Puertas<br \/>\nAncho: 2292 mm<br \/>\nAltura: 2562 mm<\/p>\n<p>Temperatura<br \/>\n-25 a 25\u00b0C<\/p>\n<p>Refrigerante<br \/>\nR134A<br \/>\nR404<br \/>\nR442 bajo pedido<\/p>\n<p>Estructura<br \/>\nACERO CORTEN e INOXIDABLE<\/p>\n<p>Piso:<br \/>\nCARRIL DE ALUMINIO EN FORMA DE T<br \/>\nGesti\u00f3n por panel Daikin, Thermoking o Carrier<br \/>\nAlmacenamiento de hasta 23 europalets<br \/>\nApertura de doble hoja en una de las caras exteriores<br \/>\nApertura de puerta de 270\u00b0<\/p>\n<p>Informaciones complementarias<br \/>\nCarga m\u00e1xima: 29.350 kg<br \/>\nPeso en vac\u00edo: 4.650 Kgs.<br \/>\nPeso m\u00e1ximo: 34.000 kg<br \/>\nVolumen interior \u00fatil (hasta l\u00edmite de carga): 67,50 m3<\/p>\n<p>*Las dimensiones y pesos pueden variar seg\u00fan el fabricante del contenedor<\/p>\n<p>&nbsp;<\/p>\n","protected":false},"featured_media":8762,"template":"","meta":[],"product_brand":[],"product_cat":[78,80,83],"product_tag":[],"class_list":{"0":"post-8761","1":"product","2":"type-product","3":"status-publish","4":"has-post-thumbnail","6":"product_cat-contenedor-frigorifico","7":"product_cat-contenedores-de-40-pies","8":"product_cat-contenedores-maritimos-nuevo","10":"first","11":"instock","12":"sale","13":"shipping-taxable","14":"purchasable","15":"product-type-simple"},"_links":{"self":[{"href":"https:\/\/contenedoresmaritimos-sur.es\/index.php\/wp-json\/wp\/v2\/product\/8761","targetHints":{"allow":["GET"]}}],"collection":[{"href":"https:\/\/contenedoresmaritimos-sur.es\/index.php\/wp-json\/wp\/v2\/product"}],"about":[{"href":"https:\/\/contenedoresmaritimos-sur.es\/index.php\/wp-json\/wp\/v2\/types\/product"}],"version-history":[{"count":3,"href":"https:\/\/contenedoresmaritimos-sur.es\/index.php\/wp-json\/wp\/v2\/product\/8761\/revisions"}],"predecessor-version":[{"id":8842,"href":"https:\/\/contenedoresmaritimos-sur.es\/index.php\/wp-json\/wp\/v2\/product\/8761\/revisions\/8842"}],"wp:featuredmedia":[{"embeddable":true,"href":"https:\/\/contenedoresmaritimos-sur.es\/index.php\/wp-json\/wp\/v2\/media\/8762"}],"wp:attachment":[{"href":"https:\/\/contenedoresmaritimos-sur.es\/index.php\/wp-json\/wp\/v2\/media?parent=8761"}],"wp:term":[{"taxonomy":"product_brand","embeddable":true,"href":"https:\/\/contenedoresmaritimos-sur.es\/index.php\/wp-json\/wp\/v2\/product_brand?post=8761"},{"taxonomy":"product_cat","embeddable":true,"href":"https:\/\/contenedoresmaritimos-sur.es\/index.php\/wp-json\/wp\/v2\/product_cat?post=8761"},{"taxonomy":"product_tag","embeddable":true,"href":"https:\/\/contenedoresmaritimos-sur.es\/index.php\/wp-json\/wp\/v2\/product_tag?post=8761"}],"curies":[{"name":"wp","href":"https:\/\/api.w.org\/{rel}","templated":true}]}}