{"id":8770,"date":"2023-04-26T11:52:09","date_gmt":"2023-04-26T09:52:09","guid":{"rendered":"https:\/\/contenedoresmaritimos-sur.es\/?post_type=product&#038;p=8770"},"modified":"2025-09-04T11:20:49","modified_gmt":"2025-09-04T09:20:49","slug":"casa-contenedor-prefabricada-2","status":"publish","type":"product","link":"https:\/\/contenedoresmaritimos-sur.es\/index.php\/produit\/casa-contenedor-prefabricada-2\/","title":{"rendered":"CONTENEDOR OFICINA 6M"},"content":{"rendered":"","protected":false},"excerpt":{"rendered":"<p>Nombre del producto: Contenedor oficina prefabricada<\/p>\n<p>Tama\u00f1o:\u00a0 6,05 m x 2,43 m x 2,89 m<\/p>\n<p>Material principal: Placa de acero de color Q235B, Panel s\u00e1ndwich de acero de color<\/p>\n<p>Panel de pared: Panel s\u00e1ndwich de lana de roca de 75 espesores<\/p>\n<p>Suelo: Tablero ign\u00edfugo MGO, 18 mm\/personalizado<\/p>\n<p>Ventana: Ventana integrada antirrobo de aleaci\u00f3n de aluminio<\/p>\n<p>Ventajas del producto: Per\u00edodo de construcci\u00f3n corto, montaje r\u00e1pido, dise\u00f1o flexible y amplia gama de aplicaciones.<\/p>\n","protected":false},"featured_media":8771,"template":"","meta":[],"product_brand":[],"product_cat":[73,76,84,79,83],"product_tag":[],"class_list":{"0":"post-8770","1":"product","2":"type-product","3":"status-publish","4":"has-post-thumbnail","6":"product_cat-cabanas-y-aseos","7":"product_cat-contenedor-de-almacenamiento-planos","8":"product_cat-contenedor-oficina","9":"product_cat-contenedores-de-20-pies","10":"product_cat-contenedores-maritimos-nuevo","12":"first","13":"instock","14":"shipping-taxable","15":"purchasable","16":"product-type-simple"},"_links":{"self":[{"href":"https:\/\/contenedoresmaritimos-sur.es\/index.php\/wp-json\/wp\/v2\/product\/8770","targetHints":{"allow":["GET"]}}],"collection":[{"href":"https:\/\/contenedoresmaritimos-sur.es\/index.php\/wp-json\/wp\/v2\/product"}],"about":[{"href":"https:\/\/contenedoresmaritimos-sur.es\/index.php\/wp-json\/wp\/v2\/types\/product"}],"version-history":[{"count":5,"href":"https:\/\/contenedoresmaritimos-sur.es\/index.php\/wp-json\/wp\/v2\/product\/8770\/revisions"}],"predecessor-version":[{"id":8835,"href":"https:\/\/contenedoresmaritimos-sur.es\/index.php\/wp-json\/wp\/v2\/product\/8770\/revisions\/8835"}],"wp:featuredmedia":[{"embeddable":true,"href":"https:\/\/contenedoresmaritimos-sur.es\/index.php\/wp-json\/wp\/v2\/media\/8771"}],"wp:attachment":[{"href":"https:\/\/contenedoresmaritimos-sur.es\/index.php\/wp-json\/wp\/v2\/media?parent=8770"}],"wp:term":[{"taxonomy":"product_brand","embeddable":true,"href":"https:\/\/contenedoresmaritimos-sur.es\/index.php\/wp-json\/wp\/v2\/product_brand?post=8770"},{"taxonomy":"product_cat","embeddable":true,"href":"https:\/\/contenedoresmaritimos-sur.es\/index.php\/wp-json\/wp\/v2\/product_cat?post=8770"},{"taxonomy":"product_tag","embeddable":true,"href":"https:\/\/contenedoresmaritimos-sur.es\/index.php\/wp-json\/wp\/v2\/product_tag?post=8770"}],"curies":[{"name":"wp","href":"https:\/\/api.w.org\/{rel}","templated":true}]}}