{"id":8797,"date":"2023-04-28T11:10:29","date_gmt":"2023-04-28T09:10:29","guid":{"rendered":"https:\/\/contenedoresmaritimos-sur.es\/?post_type=product&#038;p=8797"},"modified":"2025-09-29T22:53:53","modified_gmt":"2025-09-29T20:53:53","slug":"casa-contenedor-oficina","status":"publish","type":"product","link":"https:\/\/contenedoresmaritimos-sur.es\/index.php\/produit\/casa-contenedor-oficina\/","title":{"rendered":"CONTENEDOR OFICINA 6M"},"content":{"rendered":"","protected":false},"excerpt":{"rendered":"<p>Descripci\u00f3n<\/p>\n<p>Nombre del producto: Contenedor oficina de 6 metros<\/p>\n<p>Tama\u00f1o: Est\u00e1ndar: 6055 mm x 2438 mm x 2896 mm (L<span class=\"Y2IQFc\" lang=\"es\">argo x Ancho x Alto<\/span>)<\/p>\n<p>Material principal: Placa de acero de color Q235B, Panel s\u00e1ndwich de acero de color<\/p>\n<p>Panel de pared: Panel s\u00e1ndwich de lana de roca de 75 espesores<\/p>\n<p>Suelo: Tablero ign\u00edfugo MGO, 18 mm\/personalizado<\/p>\n<p>Ventana: Ventana integrada antirrobo de aleaci\u00f3n de aluminio<\/p>\n<p>Resistencia: A1 protecci\u00f3n contra incendios; Soporta tifones de 10 grados; Soporta terremotos de 7 grados<\/p>\n<p>Ventajas del producto: Per\u00edodo de construcci\u00f3n corto, montaje r\u00e1pido, dise\u00f1o flexible y amplia gama de aplicaciones.<\/p>\n<p>Solicitud: Casa viva, villa, vivienda para empleados, hotel, cafeter\u00eda, caba\u00f1a, almac\u00e9n, taller, cochera, etc.<\/p>\n","protected":false},"featured_media":8799,"template":"","meta":[],"product_brand":[],"product_cat":[72,73,76,84,79,83],"product_tag":[],"class_list":{"0":"post-8797","1":"product","2":"type-product","3":"status-publish","4":"has-post-thumbnail","6":"product_cat-accesorios-contenedores","7":"product_cat-cabanas-y-aseos","8":"product_cat-contenedor-de-almacenamiento-planos","9":"product_cat-contenedor-oficina","10":"product_cat-contenedores-de-20-pies","11":"product_cat-contenedores-maritimos-nuevo","13":"first","14":"instock","15":"shipping-taxable","16":"purchasable","17":"product-type-simple"},"_links":{"self":[{"href":"https:\/\/contenedoresmaritimos-sur.es\/index.php\/wp-json\/wp\/v2\/product\/8797","targetHints":{"allow":["GET"]}}],"collection":[{"href":"https:\/\/contenedoresmaritimos-sur.es\/index.php\/wp-json\/wp\/v2\/product"}],"about":[{"href":"https:\/\/contenedoresmaritimos-sur.es\/index.php\/wp-json\/wp\/v2\/types\/product"}],"version-history":[{"count":3,"href":"https:\/\/contenedoresmaritimos-sur.es\/index.php\/wp-json\/wp\/v2\/product\/8797\/revisions"}],"predecessor-version":[{"id":8833,"href":"https:\/\/contenedoresmaritimos-sur.es\/index.php\/wp-json\/wp\/v2\/product\/8797\/revisions\/8833"}],"wp:featuredmedia":[{"embeddable":true,"href":"https:\/\/contenedoresmaritimos-sur.es\/index.php\/wp-json\/wp\/v2\/media\/8799"}],"wp:attachment":[{"href":"https:\/\/contenedoresmaritimos-sur.es\/index.php\/wp-json\/wp\/v2\/media?parent=8797"}],"wp:term":[{"taxonomy":"product_brand","embeddable":true,"href":"https:\/\/contenedoresmaritimos-sur.es\/index.php\/wp-json\/wp\/v2\/product_brand?post=8797"},{"taxonomy":"product_cat","embeddable":true,"href":"https:\/\/contenedoresmaritimos-sur.es\/index.php\/wp-json\/wp\/v2\/product_cat?post=8797"},{"taxonomy":"product_tag","embeddable":true,"href":"https:\/\/contenedoresmaritimos-sur.es\/index.php\/wp-json\/wp\/v2\/product_tag?post=8797"}],"curies":[{"name":"wp","href":"https:\/\/api.w.org\/{rel}","templated":true}]}}