{"id":8817,"date":"2023-05-17T17:14:29","date_gmt":"2023-05-17T15:14:29","guid":{"rendered":"https:\/\/contenedoresmaritimos-sur.es\/?post_type=product&#038;p=8817"},"modified":"2025-09-04T11:05:39","modified_gmt":"2025-09-04T09:05:39","slug":"8817","status":"publish","type":"product","link":"https:\/\/contenedoresmaritimos-sur.es\/index.php\/produit\/8817\/","title":{"rendered":"CONTENEDOR MAR\u00cdTIMO 40 PIES \/ SEGUNDA MANO"},"content":{"rendered":"","protected":false},"excerpt":{"rendered":"<p>Descripci\u00f3n<\/p>\n<p>Contenedor 40 pies<br \/>\n-Dimensiones exteriores : 12,19m x 2,44m x 2,59m<br \/>\n-Dimensiones interiores :12,03m x 2,35m x 2,39m<\/p>\n<p>El contenedor mar\u00edtimo se utiliza principalmente para el transporte de mercanc\u00edas v\u00eda mar\u00edtima, carretera o tren, aunque se ha extendido tambi\u00e9n su uso para otros fines como almacenaje, obras, etc. debido a su bajo precio y en las estandarizaci\u00f3n de sus medidas.<\/p>\n<p>Estos contenedores usados, cumplen con las normas CSC y han pasado la inspecci\u00f3n de la OCA (validez para transporte mar\u00edtimo) ya que han sido revisados y neutralizados.<\/p>\n<p><b>Versatilidad<\/b><br \/>\nPor su origen mar\u00edtimo permiten la carga, transporte y manipulaci\u00f3n en todos los medios, que facilita su r\u00e1pido traslado y puesta en servicio en el lugar requerido.<\/p>\n<p><b>Robustez<\/b><br \/>\n\u2013 Estos equipos son de una gran fortaleza y simplicidad pues est\u00e1n construidos para soportar las inclemencias mar\u00edtimas.<br \/>\n\u2013 Su estructura es de acero\u00a0<b>Corten Steel<\/b>\u00a0que le brinda durabilidad y resistencia.<br \/>\n\u2013 Chapa exterior 1.8 mm.<br \/>\n\u2013 Estructura en vigas de acero.<br \/>\n\u2013 Pavimento interior en compensado mar\u00edtimo.<br \/>\n\u2013 Puerta en 2 hojas con trabas y soporte para candado.<br \/>\n\u2013 Operativo en condici\u00f3n Cargo Worthy, apto, de acuerdo a las reglas mar\u00edtimas internacionales, para el transporte de carga general.<\/p>\n<p>Accesibilidad<br \/>\nPosee frontalmente una doble puerta de aproximadamente 2,40 metros de ancho y 2,59 metros de alto (2,89 para los HC) y un pavimento interior en compensado mar\u00edtimo.<\/p>\n<p><b>Almacenamiento<\/b><br \/>\n\u2013 Por su estructura ISO permite el apilado en altura (dependiendo de la maquinaria e infraestructura de piso utilizada)<\/p>\n","protected":false},"featured_media":8830,"template":"","meta":[],"product_brand":[],"product_cat":[72,76,80,77],"product_tag":[],"class_list":{"0":"post-8817","1":"product","2":"type-product","3":"status-publish","4":"has-post-thumbnail","6":"product_cat-accesorios-contenedores","7":"product_cat-contenedor-de-almacenamiento-planos","8":"product_cat-contenedores-de-40-pies","9":"product_cat-contenedores-maritimos-segunda-mano","11":"first","12":"instock","13":"shipping-taxable","14":"purchasable","15":"product-type-simple"},"_links":{"self":[{"href":"https:\/\/contenedoresmaritimos-sur.es\/index.php\/wp-json\/wp\/v2\/product\/8817","targetHints":{"allow":["GET"]}}],"collection":[{"href":"https:\/\/contenedoresmaritimos-sur.es\/index.php\/wp-json\/wp\/v2\/product"}],"about":[{"href":"https:\/\/contenedoresmaritimos-sur.es\/index.php\/wp-json\/wp\/v2\/types\/product"}],"version-history":[{"count":4,"href":"https:\/\/contenedoresmaritimos-sur.es\/index.php\/wp-json\/wp\/v2\/product\/8817\/revisions"}],"predecessor-version":[{"id":8832,"href":"https:\/\/contenedoresmaritimos-sur.es\/index.php\/wp-json\/wp\/v2\/product\/8817\/revisions\/8832"}],"wp:featuredmedia":[{"embeddable":true,"href":"https:\/\/contenedoresmaritimos-sur.es\/index.php\/wp-json\/wp\/v2\/media\/8830"}],"wp:attachment":[{"href":"https:\/\/contenedoresmaritimos-sur.es\/index.php\/wp-json\/wp\/v2\/media?parent=8817"}],"wp:term":[{"taxonomy":"product_brand","embeddable":true,"href":"https:\/\/contenedoresmaritimos-sur.es\/index.php\/wp-json\/wp\/v2\/product_brand?post=8817"},{"taxonomy":"product_cat","embeddable":true,"href":"https:\/\/contenedoresmaritimos-sur.es\/index.php\/wp-json\/wp\/v2\/product_cat?post=8817"},{"taxonomy":"product_tag","embeddable":true,"href":"https:\/\/contenedoresmaritimos-sur.es\/index.php\/wp-json\/wp\/v2\/product_tag?post=8817"}],"curies":[{"name":"wp","href":"https:\/\/api.w.org\/{rel}","templated":true}]}}