{"id":8864,"date":"2025-09-04T12:58:46","date_gmt":"2025-09-04T10:58:46","guid":{"rendered":"https:\/\/contenedoresmaritimos-sur.es\/?post_type=product&#038;p=8864"},"modified":"2025-09-04T12:58:46","modified_gmt":"2025-09-04T10:58:46","slug":"contenedor-maritimo-20-pies-con-apertura-lateral-nuevo","status":"publish","type":"product","link":"https:\/\/contenedoresmaritimos-sur.es\/index.php\/produit\/contenedor-maritimo-20-pies-con-apertura-lateral-nuevo\/","title":{"rendered":"CONTENEDOR MAR\u00cdTIMO 20 PIES CON APERTURA LATERAL \/ NUEVO"},"content":{"rendered":"","protected":false},"excerpt":{"rendered":"<div id=\"wd-679ec8914a945\" class=\"title-wrapper wd-wpb wd-set-mb reset-last-child  wd-rs-679ec8914a945 wd-title-color-primary wd-title-style-default text-left  wd-underline-colored\">\n<div class=\"liner-continer\">\n<h4 class=\"woodmart-title-container title  wd-font-weight- wd-fontsize-l\"><\/h4>\n<\/div>\n<\/div>\n<div class=\"wd-single-content wd-wpb wd-rs-63515175a95d9 vc_custom_1666273659357\">\n<div>Descripci\u00f3n<\/div>\n<div><\/div>\n<div>Este tipo de contenedor, conocido como Open Side, tiene una abertura a lo largo de su lateral, lo que lo hace muy accesible. A diferencia de los remolques de cami\u00f3n, que suelen tener una simple lona, el contenedor Open Side suele estar equipado con puertas dobles r\u00edgidas que se abren completamente, sin poste central.&nbsp;<\/p>\n<p>Aunque el contenedor Open Side es m\u00e1s caro que un contenedor est\u00e1ndar, su accesibilidad puede ser muy ventajosa en funci\u00f3n del uso previsto.<\/p>\n<p>El contenedor Open Side tiene una puerta en un lado y una gran abertura lateral en cada lado, con anillas de amarre en el suelo y en el techo como los dem\u00e1s contenedores mar\u00edtimos.<\/p>\n<p><strong>Dimensiones exteriores:<\/strong><br \/>\n\u2013 Longitud: 6,60 m<br \/>\n\u2013 Anchura: 2,44 m<br \/>\n\u2013 Altura: 2,39 m<\/p>\n<p>Volumen: 33,14 m3<br \/>\nSuperficie: 13,86 m2<br \/>\nPeso: 2.300 kg<br \/>\nPeso m\u00e1ximo autorizado: 30.480 kg<\/p>\n<p>Este contenedor es s\u00f3lido, seguro, estanco y herm\u00e9tico. La entrega est\u00e1 disponible con un coste adicional.<\/p>\n<\/div>\n<\/div>\n","protected":false},"featured_media":8865,"template":"","meta":[],"product_brand":[],"product_cat":[76,79,83],"product_tag":[],"class_list":{"0":"post-8864","1":"product","2":"type-product","3":"status-publish","4":"has-post-thumbnail","6":"product_cat-contenedor-de-almacenamiento-planos","7":"product_cat-contenedores-de-20-pies","8":"product_cat-contenedores-maritimos-nuevo","10":"first","11":"instock","12":"sale","13":"shipping-taxable","14":"purchasable","15":"product-type-simple"},"_links":{"self":[{"href":"https:\/\/contenedoresmaritimos-sur.es\/index.php\/wp-json\/wp\/v2\/product\/8864","targetHints":{"allow":["GET"]}}],"collection":[{"href":"https:\/\/contenedoresmaritimos-sur.es\/index.php\/wp-json\/wp\/v2\/product"}],"about":[{"href":"https:\/\/contenedoresmaritimos-sur.es\/index.php\/wp-json\/wp\/v2\/types\/product"}],"version-history":[{"count":1,"href":"https:\/\/contenedoresmaritimos-sur.es\/index.php\/wp-json\/wp\/v2\/product\/8864\/revisions"}],"predecessor-version":[{"id":8871,"href":"https:\/\/contenedoresmaritimos-sur.es\/index.php\/wp-json\/wp\/v2\/product\/8864\/revisions\/8871"}],"wp:featuredmedia":[{"embeddable":true,"href":"https:\/\/contenedoresmaritimos-sur.es\/index.php\/wp-json\/wp\/v2\/media\/8865"}],"wp:attachment":[{"href":"https:\/\/contenedoresmaritimos-sur.es\/index.php\/wp-json\/wp\/v2\/media?parent=8864"}],"wp:term":[{"taxonomy":"product_brand","embeddable":true,"href":"https:\/\/contenedoresmaritimos-sur.es\/index.php\/wp-json\/wp\/v2\/product_brand?post=8864"},{"taxonomy":"product_cat","embeddable":true,"href":"https:\/\/contenedoresmaritimos-sur.es\/index.php\/wp-json\/wp\/v2\/product_cat?post=8864"},{"taxonomy":"product_tag","embeddable":true,"href":"https:\/\/contenedoresmaritimos-sur.es\/index.php\/wp-json\/wp\/v2\/product_tag?post=8864"}],"curies":[{"name":"wp","href":"https:\/\/api.w.org\/{rel}","templated":true}]}}