{"id":8882,"date":"2025-09-20T16:26:12","date_gmt":"2025-09-20T14:26:12","guid":{"rendered":"https:\/\/contenedoresmaritimos-sur.es\/?post_type=product&#038;p=8882"},"modified":"2025-09-20T16:26:13","modified_gmt":"2025-09-20T14:26:13","slug":"contenedor-modular-20-pies-roller-shutter","status":"publish","type":"product","link":"https:\/\/contenedoresmaritimos-sur.es\/index.php\/produit\/contenedor-modular-20-pies-roller-shutter\/","title":{"rendered":"CONTENEDOR MODULAR 20 PIES ROLLER SHUTTER"},"content":{"rendered":"","protected":false},"excerpt":{"rendered":"<p>Descripci\u00f3n<\/p>\n<p>Mejore sus soluciones de almacenamiento con nuestros contenedores mar\u00edtimos enrollables High Cube de 20\u2032 x 8\u2032, dise\u00f1ados para ofrecer la m\u00e1xima comodidad y eficiencia. Equipado con una cortina enrollable el\u00e9ctrica de longitud completa, este contenedor garantiza un f\u00e1cil acceso tanto para uso comercial como personal. Disponible en varios colores, puede personalizar estos contenedores seg\u00fan sus preferencias espec\u00edficas.<\/p>\n<p>Caracter\u00edsticas principales :<br \/>\nHerm\u00e9tico al viento y al agua: Dise\u00f1ado para resistir las inclemencias del tiempo, mantiene sus pertenencias seguras y a salvo.<br \/>\nCortina enrollable el\u00e9ctrica de longitud completa: La cortina enrollable el\u00e9ctrica se extiende por toda la longitud del contenedor, proporcionando un acceso sin esfuerzo para cargar y descargar objetos voluminosos.<br \/>\nColores personalizables: Elija entre una amplia gama de colores que se adapten a su imagen corporativa o est\u00e9tica.<br \/>\nTama\u00f1os vers\u00e1tiles: Disponible en diferentes tama\u00f1os y configuraciones de cortina enrollable para satisfacer una gran variedad de necesidades.<\/p>\n<p>Especificaciones:<br \/>\nDimensiones exteriores: 6,06 m (20 pies) x 2,44 m (8 pies) x 2,90 m (9,6 pies)<br \/>\nDimensiones interiores: 19,4 pies (5,9 m) x 7,8 pies (2,39 m) x 8,6 pies (2,62 m)<br \/>\nAncho de la cortina enrollable : Cortina enrollable el\u00e9ctrica de longitud completa para una accesibilidad m\u00e1xima.<\/p>\n<p>Opciones adicionales :<br \/>\nMejora del contenedor de 1 viaje: Opte por un contenedor casi nuevo utilizado s\u00f3lo una vez, lo que garantiza un estado superior.<br \/>\nAislamiento: Mejore la regulaci\u00f3n de la temperatura con aislamiento adicional, protegiendo sus art\u00edculos en climas extremos.<br \/>\nPersonalizaci\u00f3n interior: Elija entre acabados interiores de madera contrachapada, melamina o cart\u00f3n yeso para crear el entorno de almacenamiento o trabajo ideal.<br \/>\nCortinas enrollables adicionales: A\u00f1ada cortinas enrollables adicionales para una mayor accesibilidad.<br \/>\nInstalaciones el\u00e9ctricas: Incluya iluminaci\u00f3n y tomas de corriente para transformar su contenedor en un espacio funcional de trabajo o almacenamiento.<br \/>\nMejoras de seguridad: A\u00f1ada puertas y ventanas adicionales para mayor seguridad y funcionalidad.<\/p>\n<p>Ventajas :<br \/>\nAcceso sin esfuerzo: La cortina enrollable de longitud completa facilita y agiliza la manipulaci\u00f3n de objetos grandes y de formas inusuales.<\/p>\n","protected":false},"featured_media":8883,"template":"","meta":[],"product_brand":[],"product_cat":[73,76,87,84,79],"product_tag":[],"class_list":{"0":"post-8882","1":"product","2":"type-product","3":"status-publish","4":"has-post-thumbnail","6":"product_cat-cabanas-y-aseos","7":"product_cat-contenedor-de-almacenamiento-planos","8":"product_cat-contenedor-modular","9":"product_cat-contenedor-oficina","10":"product_cat-contenedores-de-20-pies","12":"first","13":"instock","14":"shipping-taxable","15":"purchasable","16":"product-type-simple"},"_links":{"self":[{"href":"https:\/\/contenedoresmaritimos-sur.es\/index.php\/wp-json\/wp\/v2\/product\/8882","targetHints":{"allow":["GET"]}}],"collection":[{"href":"https:\/\/contenedoresmaritimos-sur.es\/index.php\/wp-json\/wp\/v2\/product"}],"about":[{"href":"https:\/\/contenedoresmaritimos-sur.es\/index.php\/wp-json\/wp\/v2\/types\/product"}],"version-history":[{"count":1,"href":"https:\/\/contenedoresmaritimos-sur.es\/index.php\/wp-json\/wp\/v2\/product\/8882\/revisions"}],"predecessor-version":[{"id":8888,"href":"https:\/\/contenedoresmaritimos-sur.es\/index.php\/wp-json\/wp\/v2\/product\/8882\/revisions\/8888"}],"wp:featuredmedia":[{"embeddable":true,"href":"https:\/\/contenedoresmaritimos-sur.es\/index.php\/wp-json\/wp\/v2\/media\/8883"}],"wp:attachment":[{"href":"https:\/\/contenedoresmaritimos-sur.es\/index.php\/wp-json\/wp\/v2\/media?parent=8882"}],"wp:term":[{"taxonomy":"product_brand","embeddable":true,"href":"https:\/\/contenedoresmaritimos-sur.es\/index.php\/wp-json\/wp\/v2\/product_brand?post=8882"},{"taxonomy":"product_cat","embeddable":true,"href":"https:\/\/contenedoresmaritimos-sur.es\/index.php\/wp-json\/wp\/v2\/product_cat?post=8882"},{"taxonomy":"product_tag","embeddable":true,"href":"https:\/\/contenedoresmaritimos-sur.es\/index.php\/wp-json\/wp\/v2\/product_tag?post=8882"}],"curies":[{"name":"wp","href":"https:\/\/api.w.org\/{rel}","templated":true}]}}