{"id":8951,"date":"2025-09-20T18:20:19","date_gmt":"2025-09-20T16:20:19","guid":{"rendered":"https:\/\/contenedoresmaritimos-sur.es\/?post_type=product&#038;p=8951"},"modified":"2025-09-20T18:21:29","modified_gmt":"2025-09-20T16:21:29","slug":"8951","status":"publish","type":"product","link":"https:\/\/contenedoresmaritimos-sur.es\/index.php\/produit\/8951\/","title":{"rendered":"CONTENEDOR VIVIENDA 20 PIES \/ NUEVO"},"content":{"rendered":"","protected":false},"excerpt":{"rendered":"<p>Descripci\u00f3n<\/p>\n<p>Estructura:<\/p>\n<p>Estructura de acero soldada profesionalmente, fabricada con perfiles autoportantes huecos y laminados (espesor 3 mm S235), imprimada y pintada a base de poliuretano en tono RAL 7016, o seg\u00fan las necesidades del cliente; esquinas del contenedor de 8 piezas.<\/p>\n<p>Estructura del suelo :<\/p>\n<p>Suelo ciego: chapa trapezoidal T14 de 0,5 mm, remachada a las viguetas del suelo.<\/p>\n<p>Aislamiento: lana mineral de 100 mm, pel\u00edcula de barrera de vapor de 0,2 mm<\/p>\n<p>Placa base: paneles OSB, atornillados a vigas de acero perfiladas<\/p>\n<p>Revestimiento del suelo: PVC de 2 mm con rodapi\u00e9, encolado en toda la superficie, dibujo jaspeado gris.<\/p>\n<p>Carga admisible del suelo: 3,8 kn\/m<\/p>\n<p>Estructura de la pared :<\/p>\n<p>Chapa perfilada: chapa trapezoidal T8 de 0,5 mm en RAL 7016 (antracita) \u2013 otros colores seg\u00fan especificaci\u00f3n del cliente con coste adicional.<\/p>\n<p>Aislamiento: lana mineral de 50 mm, hasta 100 mm seg\u00fan las necesidades del cliente.<\/p>\n<p>Revestimiento interior: panel laminado de 16 mm, blanco.<\/p>\n<p>Barrera de vapor: membrana de 0,2 mm.<\/p>\n<p>Estructura del tejado :<\/p>\n<p>Chapa perfilada: Chapa trapezoidal 0,7 mm T35<\/p>\n<p>Aislamiento: Lana mineral de 100 mm<\/p>\n<p>Revestimiento interior: panel laminado de 16 mm, blanco.<\/p>\n<p>Barrera de vapor: membrana de 0,2 mm<\/p>\n<p>Drenaje de agua: drenaje de agua a trav\u00e9s de tuber\u00edas de PVC en las esquinas del contenedor<\/p>\n<p>Ventana:<\/p>\n<p>1 pieza de ventana de pl\u00e1stico de 2 m x 1,2 m con acristalamiento aislante, herraje oscilobatiente y persianas enrollables de pl\u00e1stico<\/p>\n<p>Puerta:<\/p>\n<p>Puerta exterior: Puerta H\u00f6rmann de una hoja ZKI60, RAL7016<\/p>\n<p>Dimensiones 900 x 1.970 mm,<\/p>\n<p>Cuarto de ba\u00f1o: Caldera de agua caliente, WC, ducha y lavabo<\/p>\n<p>Instalaci\u00f3n el\u00e9ctrica: Norma VDE DE El\u00e9ctrica<\/p>\n<p>Tomas externas CEE 380V\/32A\/5 polos. Iluminaci\u00f3n \u2013 2 l\u00e1mparas LED de 50 W, controladas por interruptor de encendido\/apagado, tomas de corriente, armario de control con el n\u00famero adecuado de fusibles y disyuntores FI.<\/p>\n<p>La instalaci\u00f3n el\u00e9ctrica est\u00e1 empotrada.<\/p>\n<p>Podemos instalar ventanas adicionales a corto plazo.<\/p>\n<p>Tambi\u00e9n podemos fabricarlas en cualquier momento seg\u00fan sus especificaciones en otros tama\u00f1os y colores o con sanitarios u otras instalaciones.<\/p>\n","protected":false},"featured_media":8952,"template":"","meta":[],"product_brand":[],"product_cat":[74,73,88,79,83],"product_tag":[],"class_list":{"0":"post-8951","1":"product","2":"type-product","3":"status-publish","4":"has-post-thumbnail","6":"product_cat-aseos-y-duchas","7":"product_cat-cabanas-y-aseos","8":"product_cat-contenedor-vivienda","9":"product_cat-contenedores-de-20-pies","10":"product_cat-contenedores-maritimos-nuevo","12":"first","13":"instock","14":"shipping-taxable","15":"purchasable","16":"product-type-simple"},"_links":{"self":[{"href":"https:\/\/contenedoresmaritimos-sur.es\/index.php\/wp-json\/wp\/v2\/product\/8951","targetHints":{"allow":["GET"]}}],"collection":[{"href":"https:\/\/contenedoresmaritimos-sur.es\/index.php\/wp-json\/wp\/v2\/product"}],"about":[{"href":"https:\/\/contenedoresmaritimos-sur.es\/index.php\/wp-json\/wp\/v2\/types\/product"}],"version-history":[{"count":3,"href":"https:\/\/contenedoresmaritimos-sur.es\/index.php\/wp-json\/wp\/v2\/product\/8951\/revisions"}],"predecessor-version":[{"id":8963,"href":"https:\/\/contenedoresmaritimos-sur.es\/index.php\/wp-json\/wp\/v2\/product\/8951\/revisions\/8963"}],"wp:featuredmedia":[{"embeddable":true,"href":"https:\/\/contenedoresmaritimos-sur.es\/index.php\/wp-json\/wp\/v2\/media\/8952"}],"wp:attachment":[{"href":"https:\/\/contenedoresmaritimos-sur.es\/index.php\/wp-json\/wp\/v2\/media?parent=8951"}],"wp:term":[{"taxonomy":"product_brand","embeddable":true,"href":"https:\/\/contenedoresmaritimos-sur.es\/index.php\/wp-json\/wp\/v2\/product_brand?post=8951"},{"taxonomy":"product_cat","embeddable":true,"href":"https:\/\/contenedoresmaritimos-sur.es\/index.php\/wp-json\/wp\/v2\/product_cat?post=8951"},{"taxonomy":"product_tag","embeddable":true,"href":"https:\/\/contenedoresmaritimos-sur.es\/index.php\/wp-json\/wp\/v2\/product_tag?post=8951"}],"curies":[{"name":"wp","href":"https:\/\/api.w.org\/{rel}","templated":true}]}}