{"id":8995,"date":"2025-09-20T19:08:15","date_gmt":"2025-09-20T17:08:15","guid":{"rendered":"https:\/\/contenedoresmaritimos-sur.es\/?post_type=product&#038;p=8995"},"modified":"2025-09-20T19:08:16","modified_gmt":"2025-09-20T17:08:16","slug":"unidad-residencial-unidad-de-oficina-de-385-m2","status":"publish","type":"product","link":"https:\/\/contenedoresmaritimos-sur.es\/index.php\/produit\/unidad-residencial-unidad-de-oficina-de-385-m2\/","title":{"rendered":"UNIDAD RESIDENCIAL \/ UNIDAD DE OFICINA DE 38,5 M2"},"content":{"rendered":"","protected":false},"excerpt":{"rendered":"<p>Descripci\u00f3n<\/p>\n<p>\u2018- Dimensiones (LxAnxAl): 11 m x 3,5 m x 3 m<br \/>\n\u2013 Alto aislamiento<br \/>\n\u2013 Marcos de ventanas de pl\u00e1stico con cristal termopanel<br \/>\n\u2013 Distribuci\u00f3n: sal\u00f3n con cocina, dormitorio grande independiente, dormitorio adicional, cuarto de ba\u00f1o<br \/>\n\u2013 2 ventanas oscilobatientes<br \/>\n\u2013 1 puerta al exterior y 2 grandes ventanas correderas a la terraza<br \/>\n\u2013 Cocina equipada con frigor\u00edfico, vitrocer\u00e1mica y campana extractora<br \/>\n\u2013 Suelo de PVC<br \/>\n\u2013 Calefacci\u00f3n el\u00e9ctrica<br \/>\n\u2013 Termo el\u00e9ctrico<br \/>\n\u2013 Armario de contadores, iluminaci\u00f3n y tomas de corriente<br \/>\n\u2013 Toma de agua potable \/ desag\u00fce exterior<br \/>\n\u2013 Inodoro, ducha de lujo y lavabo\/mueble<br \/>\n\u2013 Acabado de pl\u00e1stico que no requiere mantenimiento<br \/>\n\u2013 Robusta construcci\u00f3n totalmente de acero<\/p>\n<p>\u00a1Simplemente instale, conecte y empiece a vivir o residir inmediatamente!<\/p>\n","protected":false},"featured_media":8996,"template":"","meta":[],"product_brand":[],"product_cat":[74,73,85,88,83],"product_tag":[],"class_list":{"0":"post-8995","1":"product","2":"type-product","3":"status-publish","4":"has-post-thumbnail","6":"product_cat-aseos-y-duchas","7":"product_cat-cabanas-y-aseos","8":"product_cat-contenedor-40-pies-hc","9":"product_cat-contenedor-vivienda","10":"product_cat-contenedores-maritimos-nuevo","12":"first","13":"instock","14":"shipping-taxable","15":"purchasable","16":"product-type-simple"},"_links":{"self":[{"href":"https:\/\/contenedoresmaritimos-sur.es\/index.php\/wp-json\/wp\/v2\/product\/8995","targetHints":{"allow":["GET"]}}],"collection":[{"href":"https:\/\/contenedoresmaritimos-sur.es\/index.php\/wp-json\/wp\/v2\/product"}],"about":[{"href":"https:\/\/contenedoresmaritimos-sur.es\/index.php\/wp-json\/wp\/v2\/types\/product"}],"version-history":[{"count":1,"href":"https:\/\/contenedoresmaritimos-sur.es\/index.php\/wp-json\/wp\/v2\/product\/8995\/revisions"}],"predecessor-version":[{"id":9014,"href":"https:\/\/contenedoresmaritimos-sur.es\/index.php\/wp-json\/wp\/v2\/product\/8995\/revisions\/9014"}],"wp:featuredmedia":[{"embeddable":true,"href":"https:\/\/contenedoresmaritimos-sur.es\/index.php\/wp-json\/wp\/v2\/media\/8996"}],"wp:attachment":[{"href":"https:\/\/contenedoresmaritimos-sur.es\/index.php\/wp-json\/wp\/v2\/media?parent=8995"}],"wp:term":[{"taxonomy":"product_brand","embeddable":true,"href":"https:\/\/contenedoresmaritimos-sur.es\/index.php\/wp-json\/wp\/v2\/product_brand?post=8995"},{"taxonomy":"product_cat","embeddable":true,"href":"https:\/\/contenedoresmaritimos-sur.es\/index.php\/wp-json\/wp\/v2\/product_cat?post=8995"},{"taxonomy":"product_tag","embeddable":true,"href":"https:\/\/contenedoresmaritimos-sur.es\/index.php\/wp-json\/wp\/v2\/product_tag?post=8995"}],"curies":[{"name":"wp","href":"https:\/\/api.w.org\/{rel}","templated":true}]}}