{"id":9015,"date":"2025-09-20T19:17:54","date_gmt":"2025-09-20T17:17:54","guid":{"rendered":"https:\/\/contenedoresmaritimos-sur.es\/?post_type=product&#038;p=9015"},"modified":"2025-09-20T19:19:51","modified_gmt":"2025-09-20T17:19:51","slug":"contenedor-oficina-400m-x-220m","status":"publish","type":"product","link":"https:\/\/contenedoresmaritimos-sur.es\/index.php\/produit\/contenedor-oficina-400m-x-220m\/","title":{"rendered":"M\u00d3DULO DE OFICINA 4,00M X 2,20M"},"content":{"rendered":"","protected":false},"excerpt":{"rendered":"<p>Descripci\u00f3n<\/p>\n<p>\u2018- 2 ventanas oscilobatientes (doble acristalamiento)<br \/>\n\u2013 Perfil s\u00e1ndwich con aislamiento t\u00e9rmico para una baja p\u00e9rdida de energ\u00eda<br \/>\n\u2013 Puerta exterior de chapa de acero H\u00f6rmann<br \/>\n\u2013 Instalaci\u00f3n el\u00e9ctrica completa conforme a las directivas CE<br \/>\n\u2013 Tomas de corriente de 230 V<br \/>\n\u2013 Luz de techo<br \/>\n\u2013 Suelo laminado \u2013 robusto y r\u00e1pido de limpiar<br \/>\n\u2013 Suelo aislado, interior con panel OSB<br \/>\n\u2013 Calefactor el\u00e9ctrico de pared de 2000W<br \/>\n\u2013 Ojales para descarga con gr\u00faa<br \/>\n\u2013 Gu\u00edas de carretilla elevadora para un transporte f\u00e1cil y seguro<br \/>\n\u2013 Estructura de acero robusta, soldada y autoportante.<br \/>\nTambi\u00e9n podemos fabricarlas seg\u00fan sus especificaciones en cualquier momento, en otros tama\u00f1os y colores, o con aseos u otras instalaciones.<\/p>\n","protected":false},"featured_media":9016,"template":"","meta":[],"product_brand":[],"product_cat":[74,73,87,84,83],"product_tag":[],"class_list":{"0":"post-9015","1":"product","2":"type-product","3":"status-publish","4":"has-post-thumbnail","6":"product_cat-aseos-y-duchas","7":"product_cat-cabanas-y-aseos","8":"product_cat-contenedor-modular","9":"product_cat-contenedor-oficina","10":"product_cat-contenedores-maritimos-nuevo","12":"first","13":"instock","14":"shipping-taxable","15":"purchasable","16":"product-type-simple"},"_links":{"self":[{"href":"https:\/\/contenedoresmaritimos-sur.es\/index.php\/wp-json\/wp\/v2\/product\/9015","targetHints":{"allow":["GET"]}}],"collection":[{"href":"https:\/\/contenedoresmaritimos-sur.es\/index.php\/wp-json\/wp\/v2\/product"}],"about":[{"href":"https:\/\/contenedoresmaritimos-sur.es\/index.php\/wp-json\/wp\/v2\/types\/product"}],"version-history":[{"count":2,"href":"https:\/\/contenedoresmaritimos-sur.es\/index.php\/wp-json\/wp\/v2\/product\/9015\/revisions"}],"predecessor-version":[{"id":9024,"href":"https:\/\/contenedoresmaritimos-sur.es\/index.php\/wp-json\/wp\/v2\/product\/9015\/revisions\/9024"}],"wp:featuredmedia":[{"embeddable":true,"href":"https:\/\/contenedoresmaritimos-sur.es\/index.php\/wp-json\/wp\/v2\/media\/9016"}],"wp:attachment":[{"href":"https:\/\/contenedoresmaritimos-sur.es\/index.php\/wp-json\/wp\/v2\/media?parent=9015"}],"wp:term":[{"taxonomy":"product_brand","embeddable":true,"href":"https:\/\/contenedoresmaritimos-sur.es\/index.php\/wp-json\/wp\/v2\/product_brand?post=9015"},{"taxonomy":"product_cat","embeddable":true,"href":"https:\/\/contenedoresmaritimos-sur.es\/index.php\/wp-json\/wp\/v2\/product_cat?post=9015"},{"taxonomy":"product_tag","embeddable":true,"href":"https:\/\/contenedoresmaritimos-sur.es\/index.php\/wp-json\/wp\/v2\/product_tag?post=9015"}],"curies":[{"name":"wp","href":"https:\/\/api.w.org\/{rel}","templated":true}]}}