{"id":9062,"date":"2025-09-20T20:45:20","date_gmt":"2025-09-20T18:45:20","guid":{"rendered":"https:\/\/contenedoresmaritimos-sur.es\/?post_type=product&#038;p=9062"},"modified":"2025-09-20T20:45:20","modified_gmt":"2025-09-20T18:45:20","slug":"contenedor-para-snack-bar-bar-kiosco-food-truck-street-food-3","status":"publish","type":"product","link":"https:\/\/contenedoresmaritimos-sur.es\/index.php\/produit\/contenedor-para-snack-bar-bar-kiosco-food-truck-street-food-3\/","title":{"rendered":"CONTENEDOR PARA SNACK BAR \/ BAR \/ KIOSCO \/FOOD TRUCK \/ STREET FOOD"},"content":{"rendered":"","protected":false},"excerpt":{"rendered":"<p>Descripci\u00f3n<\/p>\n<p>Descubre nuestros contenedores transformados en espacios de cocina y venta de alimentos, dise\u00f1ados para el sector de la restauraci\u00f3n.<\/p>\n<p>Su estructura de acero corten garantiza que se conviertan en un equipo s\u00f3lido y resistente para tu restaurante modular. Fabricados bajo pedido, nuestros contenedores de snacks son perfectos para iniciar tu negocio de comida callejera, cami\u00f3n de comida, restaurante emergente, snack bar, quiosco, bar de refrescos, restaurante de comida r\u00e1pida y mucho m\u00e1s, incluyendo pizzer\u00edas, creper\u00edas, panader\u00edas y tiendas de s\u00e1ndwiches.<\/p>\n<p>Recibe a tus clientes en un entorno atractivo, ya sea en tu restaurante o durante un evento.<\/p>\n<p>Crea tu proyecto a medida y a\u00f1ade el equipamiento que necesites, como lavavajillas, hornos, planchas, mostradores exteriores, servidores de acero inoxidable, muebles de bar, vitrinas, entre otros.<\/p>\n","protected":false},"featured_media":9063,"template":"","meta":[],"product_brand":[],"product_cat":[89,79,83],"product_tag":[],"class_list":{"0":"post-9062","1":"product","2":"type-product","3":"status-publish","4":"has-post-thumbnail","6":"product_cat-contenedor-snack-bar-bar","7":"product_cat-contenedores-de-20-pies","8":"product_cat-contenedores-maritimos-nuevo","10":"first","11":"instock","12":"shipping-taxable","13":"purchasable","14":"product-type-simple"},"_links":{"self":[{"href":"https:\/\/contenedoresmaritimos-sur.es\/index.php\/wp-json\/wp\/v2\/product\/9062","targetHints":{"allow":["GET"]}}],"collection":[{"href":"https:\/\/contenedoresmaritimos-sur.es\/index.php\/wp-json\/wp\/v2\/product"}],"about":[{"href":"https:\/\/contenedoresmaritimos-sur.es\/index.php\/wp-json\/wp\/v2\/types\/product"}],"version-history":[{"count":1,"href":"https:\/\/contenedoresmaritimos-sur.es\/index.php\/wp-json\/wp\/v2\/product\/9062\/revisions"}],"predecessor-version":[{"id":9068,"href":"https:\/\/contenedoresmaritimos-sur.es\/index.php\/wp-json\/wp\/v2\/product\/9062\/revisions\/9068"}],"wp:featuredmedia":[{"embeddable":true,"href":"https:\/\/contenedoresmaritimos-sur.es\/index.php\/wp-json\/wp\/v2\/media\/9063"}],"wp:attachment":[{"href":"https:\/\/contenedoresmaritimos-sur.es\/index.php\/wp-json\/wp\/v2\/media?parent=9062"}],"wp:term":[{"taxonomy":"product_brand","embeddable":true,"href":"https:\/\/contenedoresmaritimos-sur.es\/index.php\/wp-json\/wp\/v2\/product_brand?post=9062"},{"taxonomy":"product_cat","embeddable":true,"href":"https:\/\/contenedoresmaritimos-sur.es\/index.php\/wp-json\/wp\/v2\/product_cat?post=9062"},{"taxonomy":"product_tag","embeddable":true,"href":"https:\/\/contenedoresmaritimos-sur.es\/index.php\/wp-json\/wp\/v2\/product_tag?post=9062"}],"curies":[{"name":"wp","href":"https:\/\/api.w.org\/{rel}","templated":true}]}}