{"id":9083,"date":"2025-09-29T22:00:54","date_gmt":"2025-09-29T20:00:54","guid":{"rendered":"https:\/\/contenedoresmaritimos-sur.es\/?post_type=product&#038;p=9083"},"modified":"2025-09-29T22:00:54","modified_gmt":"2025-09-29T20:00:54","slug":"stand-de-contenedores-escalonados-de-20-pies","status":"publish","type":"product","link":"https:\/\/contenedoresmaritimos-sur.es\/index.php\/produit\/stand-de-contenedores-escalonados-de-20-pies\/","title":{"rendered":"STAND DE CONTENEDORES ESCALONADOS DE 20 PIES"},"content":{"rendered":"","protected":false},"excerpt":{"rendered":"<p>Descripci\u00f3n<\/p>\n<p>Nuestros contenedores escalonados se adaptan perfectamente a tus necesidades, ya sea para eventos deportivos, espect\u00e1culos u otros tipos de presentaciones. Ofrecen protecci\u00f3n a los espectadores contra la lluvia y el calor, al mismo tiempo que preservan su espacio. Adem\u00e1s, garantizan una larga durabilidad gracias a la reutilizaci\u00f3n de contenedores de acero corten.<\/p>\n<p>DIMENSIONES Y CARACTER\u00cdSTICAS<\/p>\n<p>Grandstand-Box de 20 pies<\/p>\n<p>Dimensiones exteriores: L 6.05m x W 2.43m x H 2.59m<\/p>\n<p>Peso en vac\u00edo: 2650 Kg<\/p>\n<p>Capacidad de asientos: 26.<\/p>\n","protected":false},"featured_media":9084,"template":"","meta":[],"product_brand":[],"product_cat":[72,79,83],"product_tag":[],"class_list":{"0":"post-9083","1":"product","2":"type-product","3":"status-publish","4":"has-post-thumbnail","6":"product_cat-accesorios-contenedores","7":"product_cat-contenedores-de-20-pies","8":"product_cat-contenedores-maritimos-nuevo","10":"first","11":"instock","12":"sale","13":"shipping-taxable","14":"purchasable","15":"product-type-simple"},"_links":{"self":[{"href":"https:\/\/contenedoresmaritimos-sur.es\/index.php\/wp-json\/wp\/v2\/product\/9083","targetHints":{"allow":["GET"]}}],"collection":[{"href":"https:\/\/contenedoresmaritimos-sur.es\/index.php\/wp-json\/wp\/v2\/product"}],"about":[{"href":"https:\/\/contenedoresmaritimos-sur.es\/index.php\/wp-json\/wp\/v2\/types\/product"}],"version-history":[{"count":1,"href":"https:\/\/contenedoresmaritimos-sur.es\/index.php\/wp-json\/wp\/v2\/product\/9083\/revisions"}],"predecessor-version":[{"id":9086,"href":"https:\/\/contenedoresmaritimos-sur.es\/index.php\/wp-json\/wp\/v2\/product\/9083\/revisions\/9086"}],"wp:featuredmedia":[{"embeddable":true,"href":"https:\/\/contenedoresmaritimos-sur.es\/index.php\/wp-json\/wp\/v2\/media\/9084"}],"wp:attachment":[{"href":"https:\/\/contenedoresmaritimos-sur.es\/index.php\/wp-json\/wp\/v2\/media?parent=9083"}],"wp:term":[{"taxonomy":"product_brand","embeddable":true,"href":"https:\/\/contenedoresmaritimos-sur.es\/index.php\/wp-json\/wp\/v2\/product_brand?post=9083"},{"taxonomy":"product_cat","embeddable":true,"href":"https:\/\/contenedoresmaritimos-sur.es\/index.php\/wp-json\/wp\/v2\/product_cat?post=9083"},{"taxonomy":"product_tag","embeddable":true,"href":"https:\/\/contenedoresmaritimos-sur.es\/index.php\/wp-json\/wp\/v2\/product_tag?post=9083"}],"curies":[{"name":"wp","href":"https:\/\/api.w.org\/{rel}","templated":true}]}}