{"id":9098,"date":"2025-09-29T22:15:12","date_gmt":"2025-09-29T20:15:12","guid":{"rendered":"https:\/\/contenedoresmaritimos-sur.es\/?post_type=product&#038;p=9098"},"modified":"2025-09-29T22:15:12","modified_gmt":"2025-09-29T20:15:12","slug":"contenedor-para-snack-bar-bar-kiosco-food-truck-street-food-4","status":"publish","type":"product","link":"https:\/\/contenedoresmaritimos-sur.es\/index.php\/produit\/contenedor-para-snack-bar-bar-kiosco-food-truck-street-food-4\/","title":{"rendered":"CONTENEDOR PARA SNACK BAR \/ BAR \/ KIOSCO \/FOOD TRUCK \/ STREET FOOD"},"content":{"rendered":"","protected":false},"excerpt":{"rendered":"<p>Descripci\u00f3n<\/p>\n<p>Creaci\u00f3n de un snack bar, food truck o taberna en un contenedor de transporte.<\/p>\n<p>Incluye :<\/p>\n<p>\u2013 1 contenedor de primer uso de 20\u2032 (6m x 2,45m x 2,60m)<\/p>\n<p>Aberturas :<\/p>\n<p>\u2013 1 toldo de gas de 2000 x 1200 mm<br \/>\n\u2013 1 toldo de gas de 3000 x 1200 mm<\/p>\n<p>Mostradores :<\/p>\n<p>\u2013 1 mostrador abatible 2000 x 300 mm<br \/>\n\u2013 1 mostrador abatible 3000 x 300 mm<\/p>\n<p>INSTALACI\u00d3N EL\u00c9CTRICA :<\/p>\n<p>\u2013 1 cuadro el\u00e9ctrico con 2 filas<br \/>\n\u2013 2 luces LED estancas<br \/>\n\u2013 10 tomas de servicio 16A+T<br \/>\n\u2013 1 interruptor basculante<br \/>\n\u2013 1 toma r\u00e1pida<\/p>\n<p>Aislamiento interior :<\/p>\n<p>\u2013 Panel s\u00e1ndwich alimentario de 40 mm en blanco<\/p>\n<p>Suelo: resina gelcoat gris con sistema de drenaje<\/p>\n<p>Pintura: Pintura RAL 7016 en todo el contenedor<\/p>\n<p>Revestimiento de madera: Creaci\u00f3n de revestimiento de madera de abeto Douglas<\/p>\n<p>Fontaner\u00eda: Suministro de agua y desag\u00fce, instalaci\u00f3n del sistema de suministro de agua<\/p>\n<p>Cap\u00f3: Suministro e instalaci\u00f3n de un cap\u00f3 de 2 m con desag\u00fce en el techo<\/p>\n<p>Inmersi\u00f3n : Suministro e instalaci\u00f3n de un calentador de agua instant\u00e1neo de c\u00famulo.<\/p>\n","protected":false},"featured_media":9099,"template":"","meta":[],"product_brand":[],"product_cat":[72,89,79,83],"product_tag":[],"class_list":{"0":"post-9098","1":"product","2":"type-product","3":"status-publish","4":"has-post-thumbnail","6":"product_cat-accesorios-contenedores","7":"product_cat-contenedor-snack-bar-bar","8":"product_cat-contenedores-de-20-pies","9":"product_cat-contenedores-maritimos-nuevo","11":"first","12":"instock","13":"shipping-taxable","14":"purchasable","15":"product-type-simple"},"_links":{"self":[{"href":"https:\/\/contenedoresmaritimos-sur.es\/index.php\/wp-json\/wp\/v2\/product\/9098","targetHints":{"allow":["GET"]}}],"collection":[{"href":"https:\/\/contenedoresmaritimos-sur.es\/index.php\/wp-json\/wp\/v2\/product"}],"about":[{"href":"https:\/\/contenedoresmaritimos-sur.es\/index.php\/wp-json\/wp\/v2\/types\/product"}],"version-history":[{"count":1,"href":"https:\/\/contenedoresmaritimos-sur.es\/index.php\/wp-json\/wp\/v2\/product\/9098\/revisions"}],"predecessor-version":[{"id":9102,"href":"https:\/\/contenedoresmaritimos-sur.es\/index.php\/wp-json\/wp\/v2\/product\/9098\/revisions\/9102"}],"wp:featuredmedia":[{"embeddable":true,"href":"https:\/\/contenedoresmaritimos-sur.es\/index.php\/wp-json\/wp\/v2\/media\/9099"}],"wp:attachment":[{"href":"https:\/\/contenedoresmaritimos-sur.es\/index.php\/wp-json\/wp\/v2\/media?parent=9098"}],"wp:term":[{"taxonomy":"product_brand","embeddable":true,"href":"https:\/\/contenedoresmaritimos-sur.es\/index.php\/wp-json\/wp\/v2\/product_brand?post=9098"},{"taxonomy":"product_cat","embeddable":true,"href":"https:\/\/contenedoresmaritimos-sur.es\/index.php\/wp-json\/wp\/v2\/product_cat?post=9098"},{"taxonomy":"product_tag","embeddable":true,"href":"https:\/\/contenedoresmaritimos-sur.es\/index.php\/wp-json\/wp\/v2\/product_tag?post=9098"}],"curies":[{"name":"wp","href":"https:\/\/api.w.org\/{rel}","templated":true}]}}