{"id":9103,"date":"2025-09-29T22:33:21","date_gmt":"2025-09-29T20:33:21","guid":{"rendered":"https:\/\/contenedoresmaritimos-sur.es\/?post_type=product&#038;p=9103"},"modified":"2025-09-29T22:33:21","modified_gmt":"2025-09-29T20:33:21","slug":"edificio-portatil-de-13-x-9-pies-con-2-1-aseos-antivandalicos","status":"publish","type":"product","link":"https:\/\/contenedoresmaritimos-sur.es\/index.php\/produit\/edificio-portatil-de-13-x-9-pies-con-2-1-aseos-antivandalicos\/","title":{"rendered":"EDIFICIO PORT\u00c1TIL DE 13 X 9 PIES CON 2 + 1 ASEOS ANTIVAND\u00c1LICOS"},"content":{"rendered":"","protected":false},"excerpt":{"rendered":"<p>Descripci\u00f3n<\/p>\n<p>Esta unidad se encuentra en buen estado.<\/p>\n<p>Dispone de dos salas separadas con dos puertas de acceso externas independientes, lo que crea aseos separados para se\u00f1oras y caballeros.<\/p>\n<p>Externamente:<br \/>\n\u2013 2 puertas exteriores antivand\u00e1licas con llaves de cierre.<br \/>\n\u2013 Construcci\u00f3n de acero antivand\u00e1lico<br \/>\n\u2013 Unidad independiente<br \/>\n\u2013 Color exterior: gris oscuro<\/p>\n<p>Interior :<\/p>\n<p>Hombres | Habitaci\u00f3n n\u00ba 1 | Lado derecho \/ Frontal (frente a la unidad)<br \/>\n\u2013 2 cabinas de inodoro<br \/>\n\u2013 2 lavabos con calentador de agua<br \/>\n\u2013 2 urinarios<br \/>\n\u2013 2 tubos de luz con detector<br \/>\n\u2013 Portarrollos de papel higi\u00e9nico<br \/>\n\u2013 Dispensador de toallas de papel<br \/>\n\u2013 1 ventilador calefactor<br \/>\n\u2013 2 peque\u00f1as ventanas practicables<br \/>\n\u2013 Cuadro el\u00e9ctrico<\/p>\n<p>Se\u00f1oras | Habitaci\u00f3n n\u00ba 2 | Lado izquierdo (frente a la unidad)<br \/>\n\u2013 1 inodoro<br \/>\n\u2013 1 luz con sensor<br \/>\n\u2013 1 lavabo con calentador de agua<br \/>\n\u2013 Portarrollos de papel higi\u00e9nico<br \/>\n\u2013 Espejo<br \/>\n\u2013 1 radiador mural<br \/>\n\u2013 1 peque\u00f1a ventana practicable<\/p>\n","protected":false},"featured_media":9104,"template":"","meta":[],"product_brand":[],"product_cat":[72,74,73,86,87,83],"product_tag":[],"class_list":{"0":"post-9103","1":"product","2":"type-product","3":"status-publish","4":"has-post-thumbnail","6":"product_cat-accesorios-contenedores","7":"product_cat-aseos-y-duchas","8":"product_cat-cabanas-y-aseos","9":"product_cat-contenedor-10-pies","10":"product_cat-contenedor-modular","11":"product_cat-contenedores-maritimos-nuevo","13":"first","14":"instock","15":"shipping-taxable","16":"purchasable","17":"product-type-simple"},"_links":{"self":[{"href":"https:\/\/contenedoresmaritimos-sur.es\/index.php\/wp-json\/wp\/v2\/product\/9103","targetHints":{"allow":["GET"]}}],"collection":[{"href":"https:\/\/contenedoresmaritimos-sur.es\/index.php\/wp-json\/wp\/v2\/product"}],"about":[{"href":"https:\/\/contenedoresmaritimos-sur.es\/index.php\/wp-json\/wp\/v2\/types\/product"}],"version-history":[{"count":1,"href":"https:\/\/contenedoresmaritimos-sur.es\/index.php\/wp-json\/wp\/v2\/product\/9103\/revisions"}],"predecessor-version":[{"id":9114,"href":"https:\/\/contenedoresmaritimos-sur.es\/index.php\/wp-json\/wp\/v2\/product\/9103\/revisions\/9114"}],"wp:featuredmedia":[{"embeddable":true,"href":"https:\/\/contenedoresmaritimos-sur.es\/index.php\/wp-json\/wp\/v2\/media\/9104"}],"wp:attachment":[{"href":"https:\/\/contenedoresmaritimos-sur.es\/index.php\/wp-json\/wp\/v2\/media?parent=9103"}],"wp:term":[{"taxonomy":"product_brand","embeddable":true,"href":"https:\/\/contenedoresmaritimos-sur.es\/index.php\/wp-json\/wp\/v2\/product_brand?post=9103"},{"taxonomy":"product_cat","embeddable":true,"href":"https:\/\/contenedoresmaritimos-sur.es\/index.php\/wp-json\/wp\/v2\/product_cat?post=9103"},{"taxonomy":"product_tag","embeddable":true,"href":"https:\/\/contenedoresmaritimos-sur.es\/index.php\/wp-json\/wp\/v2\/product_tag?post=9103"}],"curies":[{"name":"wp","href":"https:\/\/api.w.org\/{rel}","templated":true}]}}