{"id":9123,"date":"2025-09-29T22:51:34","date_gmt":"2025-09-29T20:51:34","guid":{"rendered":"https:\/\/contenedoresmaritimos-sur.es\/?post_type=product&#038;p=9123"},"modified":"2025-09-29T22:51:34","modified_gmt":"2025-09-29T20:51:34","slug":"modulo-sanitario-4x2m-wc-doble-con-duchas","status":"publish","type":"product","link":"https:\/\/contenedoresmaritimos-sur.es\/index.php\/produit\/modulo-sanitario-4x2m-wc-doble-con-duchas\/","title":{"rendered":"M\u00d3DULO SANITARIO 4X2M WC DOBLE CON DUCHAS"},"content":{"rendered":"","protected":false},"excerpt":{"rendered":"<p>Descripci\u00f3n<\/p>\n<p>Listo para su uso inmediato<br \/>\nCabina de WC doble de 4\u00d72 metros con duchas<br \/>\n\u2013 Perfil s\u00e1ndwich con aislamiento t\u00e9rmico para una baja p\u00e9rdida de energ\u00eda<br \/>\n\u2013 Puerta exterior de chapa de acero H\u00f6rmann galvanizada<br \/>\n\u2013 Instalaci\u00f3n el\u00e9ctrica completa conforme a las directivas CE<br \/>\n\u2013 Tomas de corriente de 230 V<br \/>\n\u2013 Luces de techo<br \/>\n\u2013 Calentador instant\u00e1neo de agua caliente 2x 11KW\/380V<br \/>\n\u2013 Revestimiento de suelo de PVC \u2013 robusto y r\u00e1pido de limpiar<br \/>\n\u2013 Radiador el\u00e9ctrico de pared<br \/>\n\u2013 Urinario<br \/>\nPodemos fabricar otros tama\u00f1os y colores seg\u00fan sus especificaciones.<\/p>\n","protected":false},"featured_media":9124,"template":"","meta":[],"product_brand":[],"product_cat":[72,74,73,87,79,83],"product_tag":[],"class_list":{"0":"post-9123","1":"product","2":"type-product","3":"status-publish","4":"has-post-thumbnail","6":"product_cat-accesorios-contenedores","7":"product_cat-aseos-y-duchas","8":"product_cat-cabanas-y-aseos","9":"product_cat-contenedor-modular","10":"product_cat-contenedores-de-20-pies","11":"product_cat-contenedores-maritimos-nuevo","13":"first","14":"instock","15":"sale","16":"shipping-taxable","17":"purchasable","18":"product-type-simple"},"_links":{"self":[{"href":"https:\/\/contenedoresmaritimos-sur.es\/index.php\/wp-json\/wp\/v2\/product\/9123","targetHints":{"allow":["GET"]}}],"collection":[{"href":"https:\/\/contenedoresmaritimos-sur.es\/index.php\/wp-json\/wp\/v2\/product"}],"about":[{"href":"https:\/\/contenedoresmaritimos-sur.es\/index.php\/wp-json\/wp\/v2\/types\/product"}],"version-history":[{"count":1,"href":"https:\/\/contenedoresmaritimos-sur.es\/index.php\/wp-json\/wp\/v2\/product\/9123\/revisions"}],"predecessor-version":[{"id":9136,"href":"https:\/\/contenedoresmaritimos-sur.es\/index.php\/wp-json\/wp\/v2\/product\/9123\/revisions\/9136"}],"wp:featuredmedia":[{"embeddable":true,"href":"https:\/\/contenedoresmaritimos-sur.es\/index.php\/wp-json\/wp\/v2\/media\/9124"}],"wp:attachment":[{"href":"https:\/\/contenedoresmaritimos-sur.es\/index.php\/wp-json\/wp\/v2\/media?parent=9123"}],"wp:term":[{"taxonomy":"product_brand","embeddable":true,"href":"https:\/\/contenedoresmaritimos-sur.es\/index.php\/wp-json\/wp\/v2\/product_brand?post=9123"},{"taxonomy":"product_cat","embeddable":true,"href":"https:\/\/contenedoresmaritimos-sur.es\/index.php\/wp-json\/wp\/v2\/product_cat?post=9123"},{"taxonomy":"product_tag","embeddable":true,"href":"https:\/\/contenedoresmaritimos-sur.es\/index.php\/wp-json\/wp\/v2\/product_tag?post=9123"}],"curies":[{"name":"wp","href":"https:\/\/api.w.org\/{rel}","templated":true}]}}